{"id":871,"date":"2025-09-03T12:52:33","date_gmt":"2025-09-03T10:52:33","guid":{"rendered":"https:\/\/www.mesuraspirit.com\/?page_id=871"},"modified":"2026-04-03T21:20:42","modified_gmt":"2026-04-03T20:20:42","slug":"mixologia","status":"publish","type":"page","link":"https:\/\/www.mesuraspirit.com\/it\/mixologia\/","title":{"rendered":"Mixologia"},"content":{"rendered":"<div data-elementor-type=\"wp-page\" data-elementor-id=\"871\" class=\"elementor elementor-871\">\n\t\t\t\t<div class=\"elementor-element elementor-element-81a49ea e-flex e-con-boxed e-con e-parent\" data-id=\"81a49ea\" data-element_type=\"container\" data-e-type=\"container\" data-settings=\"{&quot;background_background&quot;:&quot;video&quot;,&quot;background_video_link&quot;:&quot;https:\\\/\\\/www.mesuraspirit.com\\\/wp-content\\\/uploads\\\/2025\\\/11\\\/mixologia-1.mp4&quot;,&quot;background_play_on_mobile&quot;:&quot;yes&quot;}\">\n\t\t\t\t\t<div class=\"e-con-inner\">\n\t\t<div class=\"elementor-background-video-container\">\n\t\t\t\t\t\t\t<video class=\"elementor-background-video-hosted\" role=\"presentation\" autoplay muted playsinline loop><\/video>\n\t\t\t\t\t<\/div><div class=\"elementor-element elementor-element-a9efed2 e-con-full e-flex e-con e-child\" data-id=\"a9efed2\" data-element_type=\"container\" data-e-type=\"container\">\n\t\t\t\t<div class=\"elementor-element elementor-element-46e60ad elementor-widget elementor-widget-text-editor\" data-id=\"46e60ad\" data-element_type=\"widget\" data-e-type=\"widget\" data-widget_type=\"text-editor.default\">\n\t\t\t\t<div class=\"elementor-widget-container\">\n\t\t\t\t\t\t\t\t\t<p><strong>#MESURAESPLORAZIONE<\/strong><\/p>\t\t\t\t\t\t\t\t<\/div>\n\t\t\t\t<\/div>\n\t\t\t\t<div class=\"elementor-element elementor-element-4c14594 elementor-widget elementor-widget-text-editor\" data-id=\"4c14594\" data-element_type=\"widget\" data-e-type=\"widget\" data-widget_type=\"text-editor.default\">\n\t\t\t\t<div class=\"elementor-widget-container\">\n\t\t\t\t\t\t\t\t\t<p>Avete visto Mesura.<br \/>Avete assaggiato il suo sapore.<br \/>Ora scoprite cosa potete creare con essa.<\/p>\t\t\t\t\t\t\t\t<\/div>\n\t\t\t\t<\/div>\n\t\t\t\t<\/div>\n\t\t\t\t\t<\/div>\n\t\t\t\t<\/div>\n\t\t<div class=\"elementor-element elementor-element-cc8e892 e-flex e-con-boxed e-con e-parent\" data-id=\"cc8e892\" data-element_type=\"container\" data-e-type=\"container\" data-settings=\"{&quot;background_background&quot;:&quot;classic&quot;}\">\n\t\t\t\t\t<div class=\"e-con-inner\">\n\t\t<div class=\"elementor-element elementor-element-f52783c e-con-full e-flex e-con e-child\" data-id=\"f52783c\" data-element_type=\"container\" data-e-type=\"container\">\n\t\t<div class=\"elementor-element elementor-element-8934b97 e-con-full e-flex e-con e-child\" data-id=\"8934b97\" data-element_type=\"container\" data-e-type=\"container\" data-settings=\"{&quot;background_background&quot;:&quot;video&quot;,&quot;background_video_link&quot;:&quot;https:\\\/\\\/www.mesuraspirit.com\\\/wp-content\\\/uploads\\\/2025\\\/11\\\/Diseno-sin-titulo-2-2.mp4&quot;,&quot;background_play_on_mobile&quot;:&quot;yes&quot;}\">\n\t\t<div class=\"elementor-background-video-container\">\n\t\t\t\t\t\t\t<video class=\"elementor-background-video-hosted\" role=\"presentation\" autoplay muted playsinline loop><\/video>\n\t\t\t\t\t<\/div>\t\t<\/div>\n\t\t<div class=\"elementor-element elementor-element-e3a7e1f e-con-full e-flex e-con e-child\" data-id=\"e3a7e1f\" data-element_type=\"container\" data-e-type=\"container\" data-settings=\"{&quot;background_background&quot;:&quot;classic&quot;}\">\n\t\t\t\t<div class=\"elementor-element elementor-element-44c8a76 elementor-widget elementor-widget-heading\" data-id=\"44c8a76\" data-element_type=\"widget\" data-e-type=\"widget\" data-widget_type=\"heading.default\">\n\t\t\t\t<div class=\"elementor-widget-container\">\n\t\t\t\t\t<h2 class=\"elementor-heading-title elementor-size-default\">Qui inizia il gioco della miscelazione, della degustazione e dell'assaggio.<\/h2>\t\t\t\t<\/div>\n\t\t\t\t<\/div>\n\t\t\t\t<div class=\"elementor-element elementor-element-3a5fd5f elementor-widget elementor-widget-text-editor\" data-id=\"3a5fd5f\" data-element_type=\"widget\" data-e-type=\"widget\" data-widget_type=\"text-editor.default\">\n\t\t\t\t<div class=\"elementor-widget-container\">\n\t\t\t\t\t\t\t\t\t<p><span class=\"a_GcMg font-feature-liga-off font-feature-clig-off font-feature-calt-off text-decoration-none text-strikethrough-none\">Ricette semplici, abbinamenti inaspettati e tutto il sapore della Mesura, nel vostro bicchiere.<\/span><\/p>\t\t\t\t\t\t\t\t<\/div>\n\t\t\t\t<\/div>\n\t\t\t\t<\/div>\n\t\t<div class=\"elementor-element elementor-element-0f938ec e-con-full e-flex e-con e-child\" data-id=\"0f938ec\" data-element_type=\"container\" data-e-type=\"container\">\n\t\t<div class=\"elementor-element elementor-element-7f56797 e-con-full e-flex elementor-invisible e-con e-child\" data-id=\"7f56797\" data-element_type=\"container\" data-e-type=\"container\" data-settings=\"{&quot;background_background&quot;:&quot;classic&quot;,&quot;animation&quot;:&quot;fadeInRight&quot;}\">\n\t\t\t\t<\/div>\n\t\t\t\t<\/div>\n\t\t\t\t<\/div>\n\t\t<div class=\"elementor-element elementor-element-e0da7aa e-con-full e-flex e-con e-child\" data-id=\"e0da7aa\" data-element_type=\"container\" data-e-type=\"container\">\n\t\t<div class=\"elementor-element elementor-element-8e860f0 e-con-full e-flex e-con e-child\" data-id=\"8e860f0\" data-element_type=\"container\" data-e-type=\"container\" data-settings=\"{&quot;background_background&quot;:&quot;video&quot;,&quot;background_video_link&quot;:&quot;https:\\\/\\\/www.mesuraspirit.com\\\/wp-content\\\/uploads\\\/2025\\\/11\\\/mixologia3.mp4&quot;,&quot;background_play_on_mobile&quot;:&quot;yes&quot;}\">\n\t\t<div class=\"elementor-background-video-container\">\n\t\t\t\t\t\t\t<video class=\"elementor-background-video-hosted\" role=\"presentation\" autoplay muted playsinline loop><\/video>\n\t\t\t\t\t<\/div>\t\t<\/div>\n\t\t<div class=\"elementor-element elementor-element-67a9e25 e-con-full e-flex e-con e-child\" data-id=\"67a9e25\" data-element_type=\"container\" data-e-type=\"container\">\n\t\t<div class=\"elementor-element elementor-element-3027cb3 e-con-full e-flex elementor-invisible e-con e-child\" data-id=\"3027cb3\" data-element_type=\"container\" data-e-type=\"container\" data-settings=\"{&quot;background_background&quot;:&quot;classic&quot;,&quot;animation&quot;:&quot;fadeInUp&quot;}\">\n\t\t\t\t<\/div>\n\t\t\t\t<\/div>\n\t\t<div class=\"elementor-element elementor-element-b6171ee e-con-full e-flex e-con e-child\" data-id=\"b6171ee\" data-element_type=\"container\" data-e-type=\"container\" data-settings=\"{&quot;background_background&quot;:&quot;classic&quot;}\">\n\t\t\t\t<div class=\"elementor-element elementor-element-811730f elementor-widget elementor-widget-heading\" data-id=\"811730f\" data-element_type=\"widget\" data-e-type=\"widget\" data-widget_type=\"heading.default\">\n\t\t\t\t<div class=\"elementor-widget-container\">\n\t\t\t\t\t<h2 class=\"elementor-heading-title elementor-size-default\">Questo \u00e8 il nostro modo di intendere la mixologia:<\/h2>\t\t\t\t<\/div>\n\t\t\t\t<\/div>\n\t\t\t\t<div class=\"elementor-element elementor-element-ce291ff elementor-widget elementor-widget-text-editor\" data-id=\"ce291ff\" data-element_type=\"widget\" data-e-type=\"widget\" data-widget_type=\"text-editor.default\">\n\t\t\t\t<div class=\"elementor-widget-container\">\n\t\t\t\t\t\t\t\t\t<p><span class=\"a_GcMg font-feature-liga-off font-feature-clig-off font-feature-calt-off text-decoration-none text-strikethrough-none\">Sapori sinceri, ricette accessibili e voglia di condividere.<\/span><\/p>\t\t\t\t\t\t\t\t<\/div>\n\t\t\t\t<\/div>\n\t\t\t\t<\/div>\n\t\t\t\t<\/div>\n\t\t\t\t\t<\/div>\n\t\t\t\t<\/div>\n\t\t<div class=\"elementor-element elementor-element-d46521e e-flex e-con-boxed e-con e-parent\" data-id=\"d46521e\" data-element_type=\"container\" data-e-type=\"container\" data-settings=\"{&quot;background_background&quot;:&quot;classic&quot;}\">\n\t\t\t\t\t<div class=\"e-con-inner\">\n\t\t<div class=\"elementor-element elementor-element-790a529 e-con-full e-flex elementor-invisible e-con e-child\" data-id=\"790a529\" data-element_type=\"container\" data-e-type=\"container\" data-settings=\"{&quot;animation&quot;:&quot;fadeInRight&quot;}\">\n\t\t\t\t<div class=\"elementor-element elementor-element-c89e2ac elementor-widget elementor-widget-text-editor\" data-id=\"c89e2ac\" data-element_type=\"widget\" data-e-type=\"widget\" data-widget_type=\"text-editor.default\">\n\t\t\t\t<div class=\"elementor-widget-container\">\n\t\t\t\t\t\t\t\t\t<p class=\"cvGsUA direction-ltr align-start para-style-body\"><span class=\"a_GcMg font-feature-liga-off font-feature-clig-off font-feature-calt-off text-decoration-none text-strikethrough-none\">Con Mesura, i cocktail sono semplici e piacevoli.<\/span><\/p><p class=\"cvGsUA direction-ltr align-start para-style-body\"><span class=\"a_GcMg font-feature-liga-off font-feature-clig-off font-feature-calt-off text-decoration-none text-strikethrough-none\">Crediamo nell'equilibrio e nella semplicit\u00e0. Per questo lavoriamo con vini e creme che sorprendono, senza artifici.<\/span><\/p><p class=\"cvGsUA direction-ltr align-start para-style-body\"><span class=\"a_GcMg font-feature-liga-off font-feature-clig-off font-feature-calt-off text-decoration-none text-strikethrough-none\">Mesura ON \u00e8 nato per essere bevuto da solo, in un bicchiere corto, senza istruzioni.<\/span><\/p><p class=\"cvGsUA direction-ltr align-start para-style-body\"><span class=\"a_GcMg font-feature-liga-off font-feature-clig-off font-feature-calt-off text-decoration-none text-strikethrough-none\">Il banoffee, da gesto quotidiano, \u00e8 diventato una crema che si accompagna naturalmente al caff\u00e8 e ai dessert.<\/span><\/p>\t\t\t\t\t\t\t\t<\/div>\n\t\t\t\t<\/div>\n\t\t\t\t<\/div>\n\t\t<div class=\"elementor-element elementor-element-096a640 e-con-full e-flex elementor-invisible e-con e-child\" data-id=\"096a640\" data-element_type=\"container\" data-e-type=\"container\" data-settings=\"{&quot;animation&quot;:&quot;fadeInLeft&quot;}\">\n\t\t\t\t<div class=\"elementor-element elementor-element-cfe032e elementor-widget elementor-widget-image\" data-id=\"cfe032e\" data-element_type=\"widget\" data-e-type=\"widget\" data-widget_type=\"image.default\">\n\t\t\t\t<div class=\"elementor-widget-container\">\n\t\t\t\t\t\t\t\t\t\t\t\t\t\t\t<img decoding=\"async\" src=\"https:\/\/www.mesuraspirit.com\/wp-content\/uploads\/elementor\/thumbs\/marc-babin-e_sTGd_Wjh8-unsplash-1-scaled-r7vozr3kiqp4tllsb6l1wuie741bmtjrv0giu1n43k.jpg\" title=\"marc-babin-e_sTGd_Wjh8-unsplash\" alt=\"marc-babin-e_sTGd_Wjh8-unsplash\" loading=\"lazy\" \/>\t\t\t\t\t\t\t\t\t\t\t\t\t\t\t<\/div>\n\t\t\t\t<\/div>\n\t\t\t\t<\/div>\n\t\t\t\t\t<\/div>\n\t\t\t\t<\/div>\n\t\t<div class=\"elementor-element elementor-element-bfc857a e-flex e-con-boxed e-con e-parent\" data-id=\"bfc857a\" data-element_type=\"container\" data-e-type=\"container\" data-settings=\"{&quot;background_background&quot;:&quot;gradient&quot;}\">\n\t\t\t\t\t<div class=\"e-con-inner\">\n\t\t<div class=\"elementor-element elementor-element-fb95d4b e-con-full e-flex elementor-invisible e-con e-child\" data-id=\"fb95d4b\" data-element_type=\"container\" data-e-type=\"container\" data-settings=\"{&quot;animation&quot;:&quot;fadeInRight&quot;}\">\n\t\t\t\t<div class=\"elementor-element elementor-element-46ce7a7 elementor-widget elementor-widget-image\" data-id=\"46ce7a7\" data-element_type=\"widget\" data-e-type=\"widget\" data-widget_type=\"image.default\">\n\t\t\t\t<div class=\"elementor-widget-container\">\n\t\t\t\t\t\t\t\t\t\t\t\t\t\t\t<img decoding=\"async\" src=\"https:\/\/www.mesuraspirit.com\/wp-content\/uploads\/elementor\/thumbs\/mixologia-3-rb7u5q48mggzfturdt24jzi5dzlt2kf33kge8txamo.jpg\" title=\"mixologia (3)\" alt=\"mixologia (3)\" loading=\"lazy\" \/>\t\t\t\t\t\t\t\t\t\t\t\t\t\t\t<\/div>\n\t\t\t\t<\/div>\n\t\t\t\t<\/div>\n\t\t<div class=\"elementor-element elementor-element-7c88d8a e-con-full e-flex elementor-invisible e-con e-child\" data-id=\"7c88d8a\" data-element_type=\"container\" data-e-type=\"container\" data-settings=\"{&quot;animation&quot;:&quot;fadeInLeft&quot;}\">\n\t\t\t\t<div class=\"elementor-element elementor-element-80d73fb elementor-widget elementor-widget-text-editor\" data-id=\"80d73fb\" data-element_type=\"widget\" data-e-type=\"widget\" data-widget_type=\"text-editor.default\">\n\t\t\t\t<div class=\"elementor-widget-container\">\n\t\t\t\t\t\t\t\t\t<p class=\"cvGsUA direction-ltr align-start para-style-body\"><span class=\"a_GcMg font-feature-liga-off font-feature-clig-off font-feature-calt-off text-decoration-none text-strikethrough-none\">Le ricette condivise qui non nascono da un ufficio.<\/span><\/p><p class=\"cvGsUA direction-ltr align-start para-style-body\">\u00a0<\/p><p class=\"cvGsUA direction-ltr align-start para-style-body\"><span class=\"a_GcMg font-feature-liga-off font-feature-clig-off font-feature-calt-off text-decoration-none text-strikethrough-none\">Nati dall'apprendistato nelle accademie di bartending<\/span><span class=\"a_GcMg font-feature-liga-off font-feature-clig-off font-feature-calt-off text-decoration-none text-strikethrough-none\">, dove le tecniche vengono affinate e messe alla prova dove conta davvero: <\/span><span class=\"a_GcMg font-feature-liga-off font-feature-clig-off font-feature-calt-off text-decoration-none text-strikethrough-none\">nei mercati<\/span><span class=\"a_GcMg font-feature-liga-off font-feature-clig-off font-feature-calt-off text-decoration-none text-strikethrough-none\">, Il progetto \u00e8 un contatto diretto con le persone, con i loro gusti e le loro reazioni reali.<\/span><\/p><p class=\"cvGsUA direction-ltr align-start para-style-body\">\u00a0<\/p><p class=\"cvGsUA direction-ltr align-start para-style-body\"><span class=\"a_GcMg font-feature-liga-off font-feature-clig-off font-feature-calt-off text-decoration-none text-strikethrough-none\">La provincia di Malaga \u00e8 il nostro banco di prova. L\u00ec testiamo, ascoltiamo, sintonizziamo.<\/span><\/p><p class=\"cvGsUA direction-ltr align-start para-style-body\">\u00a0<\/p><p class=\"cvGsUA direction-ltr align-start para-style-body\"><span class=\"a_GcMg font-feature-liga-off font-feature-clig-off font-feature-calt-off text-decoration-none text-strikethrough-none\">Ogni ricetta \u00e8 il risultato di osservazioni, aggiustamenti e tentativi.<\/span><\/p><p class=\"cvGsUA direction-ltr align-start para-style-body\"><span class=\"a_GcMg font-feature-liga-off font-feature-clig-off font-feature-calt-off text-decoration-none text-strikethrough-none\">Questo ricettario \u00e8 vivo. E ogni cocktail che ne fa parte \u00e8 passato attraverso questo filtro: quello della conoscenza tecnica e quello del palato quotidiano.<\/span><\/p>\t\t\t\t\t\t\t\t<\/div>\n\t\t\t\t<\/div>\n\t\t\t\t<\/div>\n\t\t\t\t\t<\/div>\n\t\t\t\t<\/div>\n\t\t<div class=\"elementor-element elementor-element-dfcca61 e-flex e-con-boxed e-con e-parent\" data-id=\"dfcca61\" data-element_type=\"container\" data-e-type=\"container\" data-settings=\"{&quot;background_background&quot;:&quot;classic&quot;}\">\n\t\t\t\t\t<div class=\"e-con-inner\">\n\t\t<div class=\"elementor-element elementor-element-96ee84c e-con-full e-flex elementor-invisible e-con e-child\" data-id=\"96ee84c\" data-element_type=\"container\" data-e-type=\"container\" data-settings=\"{&quot;background_background&quot;:&quot;classic&quot;,&quot;animation&quot;:&quot;fadeInUp&quot;}\">\n\t\t\t\t<div class=\"elementor-element elementor-element-84c6239 elementor-widget elementor-widget-heading\" data-id=\"84c6239\" data-element_type=\"widget\" data-e-type=\"widget\" data-widget_type=\"heading.default\">\n\t\t\t\t<div class=\"elementor-widget-container\">\n\t\t\t\t\t<h2 class=\"elementor-heading-title elementor-size-default\">VEDI TUTTE LE NOSTRE RICETTE<\/h2>\t\t\t\t<\/div>\n\t\t\t\t<\/div>\n\t\t\t\t<div class=\"elementor-element elementor-element-4a10685 elementor-align-center elementor-widget elementor-widget-button\" data-id=\"4a10685\" data-element_type=\"widget\" data-e-type=\"widget\" data-widget_type=\"button.default\">\n\t\t\t\t<div class=\"elementor-widget-container\">\n\t\t\t\t\t\t\t\t\t<div class=\"elementor-button-wrapper\">\n\t\t\t\t\t<a class=\"elementor-button elementor-button-link elementor-size-sm\" href=\"https:\/\/www.mesuraspirit.com\/wp-content\/uploads\/2025\/11\/LIBRO-CABARCERA-pb-1.pdf\" target=\"_blank\">\n\t\t\t\t\t\t<span class=\"elementor-button-content-wrapper\">\n\t\t\t\t\t\t\t\t\t<span class=\"elementor-button-text\">Ricette Mesura<\/span>\n\t\t\t\t\t<\/span>\n\t\t\t\t\t<\/a>\n\t\t\t\t<\/div>\n\t\t\t\t\t\t\t\t<\/div>\n\t\t\t\t<\/div>\n\t\t\t\t<\/div>\n\t\t\t\t\t<\/div>\n\t\t\t\t<\/div>\n\t\t\t\t<\/div>","protected":false},"excerpt":{"rendered":"<p>#MESURAEXPLORACI\u00d3N Has visto Mesura.Has probado su sabor.Ahora descubre todo lo que puedes crear con \u00e9l. Aqu\u00ed empieza el juego de mezclar, probar y disfrutar Recetas sencillas, combinaciones inesperadas y todo el sabor de Mesura, en tu copa. Esta es nuestra forma de entender la mixolog\u00eda: Sabores honestos, recetas accesibles y el deseo de compartir. Con [&hellip;]<\/p>\n","protected":false},"author":7,"featured_media":0,"parent":0,"menu_order":0,"comment_status":"closed","ping_status":"closed","template":"","meta":{"footnotes":""},"class_list":["post-871","page","type-page","status-publish","hentry"],"yoast_head":"<!-- This site is optimized with the Yoast SEO plugin v27.5 - https:\/\/yoast.com\/product\/yoast-seo-wordpress\/ -->\n<title>Mixologia - Mesura<\/title>\n<meta name=\"robots\" content=\"index, follow, max-snippet:-1, max-image-preview:large, max-video-preview:-1\" \/>\n<link rel=\"canonical\" href=\"https:\/\/www.mesuraspirit.com\/it\/mixologia\/\" \/>\n<meta property=\"og:locale\" content=\"it_IT\" \/>\n<meta property=\"og:type\" content=\"article\" \/>\n<meta property=\"og:title\" content=\"Mixologia - Mesura\" \/>\n<meta property=\"og:description\" content=\"#MESURAEXPLORACI\u00d3N Has visto Mesura.Has probado su sabor.Ahora descubre todo lo que puedes crear con \u00e9l. Aqu\u00ed empieza el juego de mezclar, probar y disfrutar Recetas sencillas, combinaciones inesperadas y todo el sabor de Mesura, en tu copa. Esta es nuestra forma de entender la mixolog\u00eda: Sabores honestos, recetas accesibles y el deseo de compartir. Con [&hellip;]\" \/>\n<meta property=\"og:url\" content=\"https:\/\/www.mesuraspirit.com\/it\/mixologia\/\" \/>\n<meta property=\"og:site_name\" content=\"Mesura\" \/>\n<meta property=\"article:modified_time\" content=\"2026-04-03T20:20:42+00:00\" \/>\n<meta property=\"og:image\" content=\"https:\/\/www.mesuraspirit.com\/wp-content\/uploads\/elementor\/thumbs\/marc-babin-e_sTGd_Wjh8-unsplash-1-scaled-r7vozr3kiqp4tllsb6l1wuie741bmtjrv0giu1n43k.jpg\" \/>\n<meta name=\"twitter:card\" content=\"summary_large_image\" \/>\n<meta name=\"twitter:label1\" content=\"Tempo di lettura stimato\" \/>\n\t<meta name=\"twitter:data1\" content=\"2 minuti\" \/>\n<script type=\"application\/ld+json\" class=\"yoast-schema-graph\">{\"@context\":\"https:\\\/\\\/schema.org\",\"@graph\":[{\"@type\":\"WebPage\",\"@id\":\"https:\\\/\\\/www.mesuraspirit.com\\\/mixologia\\\/\",\"url\":\"https:\\\/\\\/www.mesuraspirit.com\\\/mixologia\\\/\",\"name\":\"Mixologia - Mesura\",\"isPartOf\":{\"@id\":\"https:\\\/\\\/www.mesuraspirit.com\\\/#website\"},\"primaryImageOfPage\":{\"@id\":\"https:\\\/\\\/www.mesuraspirit.com\\\/mixologia\\\/#primaryimage\"},\"image\":{\"@id\":\"https:\\\/\\\/www.mesuraspirit.com\\\/mixologia\\\/#primaryimage\"},\"thumbnailUrl\":\"https:\\\/\\\/www.mesuraspirit.com\\\/wp-content\\\/uploads\\\/elementor\\\/thumbs\\\/marc-babin-e_sTGd_Wjh8-unsplash-1-scaled-r7vozr3kiqp4tllsb6l1wuie741bmtjrv0giu1n43k.jpg\",\"datePublished\":\"2025-09-03T10:52:33+00:00\",\"dateModified\":\"2026-04-03T20:20:42+00:00\",\"breadcrumb\":{\"@id\":\"https:\\\/\\\/www.mesuraspirit.com\\\/mixologia\\\/#breadcrumb\"},\"inLanguage\":\"it-IT\",\"potentialAction\":[{\"@type\":\"ReadAction\",\"target\":[\"https:\\\/\\\/www.mesuraspirit.com\\\/mixologia\\\/\"]}]},{\"@type\":\"ImageObject\",\"inLanguage\":\"it-IT\",\"@id\":\"https:\\\/\\\/www.mesuraspirit.com\\\/mixologia\\\/#primaryimage\",\"url\":\"https:\\\/\\\/www.mesuraspirit.com\\\/wp-content\\\/uploads\\\/elementor\\\/thumbs\\\/marc-babin-e_sTGd_Wjh8-unsplash-1-scaled-r7vozr3kiqp4tllsb6l1wuie741bmtjrv0giu1n43k.jpg\",\"contentUrl\":\"https:\\\/\\\/www.mesuraspirit.com\\\/wp-content\\\/uploads\\\/elementor\\\/thumbs\\\/marc-babin-e_sTGd_Wjh8-unsplash-1-scaled-r7vozr3kiqp4tllsb6l1wuie741bmtjrv0giu1n43k.jpg\"},{\"@type\":\"BreadcrumbList\",\"@id\":\"https:\\\/\\\/www.mesuraspirit.com\\\/mixologia\\\/#breadcrumb\",\"itemListElement\":[{\"@type\":\"ListItem\",\"position\":1,\"name\":\"Portada\",\"item\":\"https:\\\/\\\/www.mesuraspirit.com\\\/\"},{\"@type\":\"ListItem\",\"position\":2,\"name\":\"Mixologia\"}]},{\"@type\":\"WebSite\",\"@id\":\"https:\\\/\\\/www.mesuraspirit.com\\\/#website\",\"url\":\"https:\\\/\\\/www.mesuraspirit.com\\\/\",\"name\":\"Mesura\",\"description\":\"Preparado alcoholico\",\"potentialAction\":[{\"@type\":\"SearchAction\",\"target\":{\"@type\":\"EntryPoint\",\"urlTemplate\":\"https:\\\/\\\/www.mesuraspirit.com\\\/?s={search_term_string}\"},\"query-input\":{\"@type\":\"PropertyValueSpecification\",\"valueRequired\":true,\"valueName\":\"search_term_string\"}}],\"inLanguage\":\"it-IT\"}]}<\/script>\n<!-- \/ Yoast SEO plugin. -->","yoast_head_json":{"title":"Mixologia - Mesura","robots":{"index":"index","follow":"follow","max-snippet":"max-snippet:-1","max-image-preview":"max-image-preview:large","max-video-preview":"max-video-preview:-1"},"canonical":"https:\/\/www.mesuraspirit.com\/it\/mixologia\/","og_locale":"it_IT","og_type":"article","og_title":"Mixologia - Mesura","og_description":"#MESURAEXPLORACI\u00d3N Has visto Mesura.Has probado su sabor.Ahora descubre todo lo que puedes crear con \u00e9l. Aqu\u00ed empieza el juego de mezclar, probar y disfrutar Recetas sencillas, combinaciones inesperadas y todo el sabor de Mesura, en tu copa. Esta es nuestra forma de entender la mixolog\u00eda: Sabores honestos, recetas accesibles y el deseo de compartir. Con [&hellip;]","og_url":"https:\/\/www.mesuraspirit.com\/it\/mixologia\/","og_site_name":"Mesura","article_modified_time":"2026-04-03T20:20:42+00:00","og_image":[{"url":"https:\/\/www.mesuraspirit.com\/wp-content\/uploads\/elementor\/thumbs\/marc-babin-e_sTGd_Wjh8-unsplash-1-scaled-r7vozr3kiqp4tllsb6l1wuie741bmtjrv0giu1n43k.jpg","type":"","width":"","height":""}],"twitter_card":"summary_large_image","twitter_misc":{"Tempo di lettura stimato":"2 minuti"},"schema":{"@context":"https:\/\/schema.org","@graph":[{"@type":"WebPage","@id":"https:\/\/www.mesuraspirit.com\/mixologia\/","url":"https:\/\/www.mesuraspirit.com\/mixologia\/","name":"Mixologia - Mesura","isPartOf":{"@id":"https:\/\/www.mesuraspirit.com\/#website"},"primaryImageOfPage":{"@id":"https:\/\/www.mesuraspirit.com\/mixologia\/#primaryimage"},"image":{"@id":"https:\/\/www.mesuraspirit.com\/mixologia\/#primaryimage"},"thumbnailUrl":"https:\/\/www.mesuraspirit.com\/wp-content\/uploads\/elementor\/thumbs\/marc-babin-e_sTGd_Wjh8-unsplash-1-scaled-r7vozr3kiqp4tllsb6l1wuie741bmtjrv0giu1n43k.jpg","datePublished":"2025-09-03T10:52:33+00:00","dateModified":"2026-04-03T20:20:42+00:00","breadcrumb":{"@id":"https:\/\/www.mesuraspirit.com\/mixologia\/#breadcrumb"},"inLanguage":"it-IT","potentialAction":[{"@type":"ReadAction","target":["https:\/\/www.mesuraspirit.com\/mixologia\/"]}]},{"@type":"ImageObject","inLanguage":"it-IT","@id":"https:\/\/www.mesuraspirit.com\/mixologia\/#primaryimage","url":"https:\/\/www.mesuraspirit.com\/wp-content\/uploads\/elementor\/thumbs\/marc-babin-e_sTGd_Wjh8-unsplash-1-scaled-r7vozr3kiqp4tllsb6l1wuie741bmtjrv0giu1n43k.jpg","contentUrl":"https:\/\/www.mesuraspirit.com\/wp-content\/uploads\/elementor\/thumbs\/marc-babin-e_sTGd_Wjh8-unsplash-1-scaled-r7vozr3kiqp4tllsb6l1wuie741bmtjrv0giu1n43k.jpg"},{"@type":"BreadcrumbList","@id":"https:\/\/www.mesuraspirit.com\/mixologia\/#breadcrumb","itemListElement":[{"@type":"ListItem","position":1,"name":"Portada","item":"https:\/\/www.mesuraspirit.com\/"},{"@type":"ListItem","position":2,"name":"Mixologia"}]},{"@type":"WebSite","@id":"https:\/\/www.mesuraspirit.com\/#website","url":"https:\/\/www.mesuraspirit.com\/","name":"Mesura (moderazione)","description":"Preparazione alcolica","potentialAction":[{"@type":"SearchAction","target":{"@type":"EntryPoint","urlTemplate":"https:\/\/www.mesuraspirit.com\/?s={search_term_string}"},"query-input":{"@type":"PropertyValueSpecification","valueRequired":true,"valueName":"search_term_string"}}],"inLanguage":"it-IT"}]}},"_links":{"self":[{"href":"https:\/\/www.mesuraspirit.com\/it\/wp-json\/wp\/v2\/pages\/871","targetHints":{"allow":["GET"]}}],"collection":[{"href":"https:\/\/www.mesuraspirit.com\/it\/wp-json\/wp\/v2\/pages"}],"about":[{"href":"https:\/\/www.mesuraspirit.com\/it\/wp-json\/wp\/v2\/types\/page"}],"author":[{"embeddable":true,"href":"https:\/\/www.mesuraspirit.com\/it\/wp-json\/wp\/v2\/users\/7"}],"replies":[{"embeddable":true,"href":"https:\/\/www.mesuraspirit.com\/it\/wp-json\/wp\/v2\/comments?post=871"}],"version-history":[{"count":21,"href":"https:\/\/www.mesuraspirit.com\/it\/wp-json\/wp\/v2\/pages\/871\/revisions"}],"predecessor-version":[{"id":1256,"href":"https:\/\/www.mesuraspirit.com\/it\/wp-json\/wp\/v2\/pages\/871\/revisions\/1256"}],"wp:attachment":[{"href":"https:\/\/www.mesuraspirit.com\/it\/wp-json\/wp\/v2\/media?parent=871"}],"curies":[{"name":"wp","href":"https:\/\/api.w.org\/{rel}","templated":true}]}}