{"id":835,"date":"2025-09-03T11:58:08","date_gmt":"2025-09-03T09:58:08","guid":{"rendered":"https:\/\/www.mesuraspirit.com\/?page_id=835"},"modified":"2026-04-03T21:21:09","modified_gmt":"2026-04-03T20:21:09","slug":"preinicio","status":"publish","type":"page","link":"https:\/\/www.mesuraspirit.com\/it\/preinicio\/","title":{"rendered":"PreStart"},"content":{"rendered":"<div data-elementor-type=\"wp-page\" data-elementor-id=\"835\" class=\"elementor elementor-835\">\n\t\t\t\t<div class=\"elementor-element elementor-element-3e2a9cc e-flex e-con-boxed e-con e-parent\" data-id=\"3e2a9cc\" data-element_type=\"container\" data-e-type=\"container\" data-settings=\"{&quot;background_background&quot;:&quot;classic&quot;}\">\n\t\t\t\t\t<div class=\"e-con-inner\">\n\t\t\t\t<div class=\"elementor-element elementor-element-46f2d26 elementor-widget elementor-widget-image\" data-id=\"46f2d26\" data-element_type=\"widget\" data-e-type=\"widget\" data-widget_type=\"image.default\">\n\t\t\t\t<div class=\"elementor-widget-container\">\n\t\t\t\t\t\t\t\t\t\t\t\t\t\t\t<img fetchpriority=\"high\" decoding=\"async\" width=\"500\" height=\"250\" src=\"https:\/\/www.mesuraspirit.com\/wp-content\/uploads\/2013\/05\/Mesura-logo-vector-web.png\" class=\"attachment-large size-large wp-image-247\" alt=\"\" srcset=\"https:\/\/www.mesuraspirit.com\/wp-content\/uploads\/2013\/05\/Mesura-logo-vector-web.png 500w, https:\/\/www.mesuraspirit.com\/wp-content\/uploads\/2013\/05\/Mesura-logo-vector-web-350x175.png 350w, https:\/\/www.mesuraspirit.com\/wp-content\/uploads\/2013\/05\/Mesura-logo-vector-web-300x150.png 300w, https:\/\/www.mesuraspirit.com\/wp-content\/uploads\/2013\/05\/Mesura-logo-vector-web-460x230.png 460w\" sizes=\"(max-width: 500px) 100vw, 500px\" \/>\t\t\t\t\t\t\t\t\t\t\t\t\t\t\t<\/div>\n\t\t\t\t<\/div>\n\t\t\t\t\t<\/div>\n\t\t\t\t<\/div>\n\t\t<div class=\"elementor-element elementor-element-9e94997 e-flex e-con-boxed e-con e-parent\" data-id=\"9e94997\" data-element_type=\"container\" data-e-type=\"container\" data-settings=\"{&quot;background_background&quot;:&quot;classic&quot;}\">\n\t\t\t\t\t<div class=\"e-con-inner\">\n\t\t\t\t<div class=\"elementor-element elementor-element-7a1a5c8 elementor-widget elementor-widget-heading\" data-id=\"7a1a5c8\" data-element_type=\"widget\" data-e-type=\"widget\" data-widget_type=\"heading.default\">\n\t\t\t\t<div class=\"elementor-widget-container\">\n\t\t\t\t\t<h2 class=\"elementor-heading-title elementor-size-default\">HAI 18 ANNI O PI\u00d9?\n<\/h2>\t\t\t\t<\/div>\n\t\t\t\t<\/div>\n\t\t\t\t<div class=\"elementor-element elementor-element-b1683ad elementor-widget elementor-widget-heading\" data-id=\"b1683ad\" data-element_type=\"widget\" data-e-type=\"widget\" data-widget_type=\"heading.default\">\n\t\t\t\t<div class=\"elementor-widget-container\">\n\t\t\t\t\t<h2 class=\"elementor-heading-title elementor-size-default\">HAI 18 ANNI O PI\u00d9?<\/h2>\t\t\t\t<\/div>\n\t\t\t\t<\/div>\n\t\t\t\t\t<\/div>\n\t\t\t\t<\/div>\n\t\t<div class=\"elementor-element elementor-element-68623d1 e-flex e-con-boxed e-con e-parent\" data-id=\"68623d1\" data-element_type=\"container\" data-e-type=\"container\" data-settings=\"{&quot;background_background&quot;:&quot;classic&quot;}\">\n\t\t\t\t\t<div class=\"e-con-inner\">\n\t\t<div class=\"elementor-element elementor-element-17ab239 e-con-full e-flex e-con e-child\" data-id=\"17ab239\" data-element_type=\"container\" data-e-type=\"container\">\n\t\t\t\t<div class=\"elementor-element elementor-element-1cf0058 elementor-widget elementor-widget-button\" data-id=\"1cf0058\" data-element_type=\"widget\" data-e-type=\"widget\" data-widget_type=\"button.default\">\n\t\t\t\t<div class=\"elementor-widget-container\">\n\t\t\t\t\t\t\t\t\t<div class=\"elementor-button-wrapper\">\n\t\t\t\t\t<a class=\"elementor-button elementor-button-link elementor-size-sm\" href=\"https:\/\/www.mesuraspirit.com\/\">\n\t\t\t\t\t\t<span class=\"elementor-button-content-wrapper\">\n\t\t\t\t\t\t\t\t\t<span class=\"elementor-button-text\">S\u00cc<\/span>\n\t\t\t\t\t<\/span>\n\t\t\t\t\t<\/a>\n\t\t\t\t<\/div>\n\t\t\t\t\t\t\t\t<\/div>\n\t\t\t\t<\/div>\n\t\t\t\t<\/div>\n\t\t<div class=\"elementor-element elementor-element-57c5b85 e-con-full e-flex e-con e-child\" data-id=\"57c5b85\" data-element_type=\"container\" data-e-type=\"container\">\n\t\t\t\t<div class=\"elementor-element elementor-element-e19c68d elementor-button-danger elementor-widget elementor-widget-button\" data-id=\"e19c68d\" data-element_type=\"widget\" data-e-type=\"widget\" data-widget_type=\"button.default\">\n\t\t\t\t<div class=\"elementor-widget-container\">\n\t\t\t\t\t\t\t\t\t<div class=\"elementor-button-wrapper\">\n\t\t\t\t\t<a class=\"elementor-button elementor-button-link elementor-size-sm\" href=\"https:\/\/www.mesuraspirit.com\/preinicio-error-18\">\n\t\t\t\t\t\t<span class=\"elementor-button-content-wrapper\">\n\t\t\t\t\t\t\t\t\t<span class=\"elementor-button-text\">NO<\/span>\n\t\t\t\t\t<\/span>\n\t\t\t\t\t<\/a>\n\t\t\t\t<\/div>\n\t\t\t\t\t\t\t\t<\/div>\n\t\t\t\t<\/div>\n\t\t\t\t<\/div>\n\t\t\t\t\t<\/div>\n\t\t\t\t<\/div>\n\t\t<div class=\"elementor-element elementor-element-2d56e2c e-flex e-con-boxed e-con e-parent\" data-id=\"2d56e2c\" data-element_type=\"container\" data-e-type=\"container\" data-settings=\"{&quot;background_background&quot;:&quot;classic&quot;}\">\n\t\t\t\t\t<div class=\"e-con-inner\">\n\t\t\t\t<div class=\"elementor-element elementor-element-fd9bc7c elementor-widget elementor-widget-text-editor\" data-id=\"fd9bc7c\" data-element_type=\"widget\" data-e-type=\"widget\" data-widget_type=\"text-editor.default\">\n\t\t\t\t<div class=\"elementor-widget-container\">\n\t\t\t\t\t\t\t\t\t<div id=\"age-gate-description\" class=\"copy-md md:copy-lg mt-6\"><p class=\"max-w-prose\">Attribuiamo grande importanza all'uso responsabile dell'alcol. Pertanto, per visitare questo sito \u00e8 necessario essere maggiorenni.<\/p><\/div>\t\t\t\t\t\t\t\t<\/div>\n\t\t\t\t<\/div>\n\t\t\t\t<div class=\"elementor-element elementor-element-dc4f97b elementor-widget elementor-widget-text-editor\" data-id=\"dc4f97b\" data-element_type=\"widget\" data-e-type=\"widget\" data-widget_type=\"text-editor.default\">\n\t\t\t\t<div class=\"elementor-widget-container\">\n\t\t\t\t\t\t\t\t\t<div id=\"age-gate-description\" class=\"copy-md md:copy-lg mt-6\"><p class=\"max-w-prose\"><em>Diamo grande importanza all'uso responsabile dell'alcol. Pertanto, per visitare questo sito \u00e8 necessario essere maggiorenni.<\/em><\/p><\/div>\t\t\t\t\t\t\t\t<\/div>\n\t\t\t\t<\/div>\n\t\t\t\t\t<\/div>\n\t\t\t\t<\/div>\n\t\t<div class=\"elementor-element elementor-element-f349d31 e-flex e-con-boxed e-con e-parent\" data-id=\"f349d31\" data-element_type=\"container\" data-e-type=\"container\" data-settings=\"{&quot;background_background&quot;:&quot;classic&quot;}\">\n\t\t\t\t\t<div class=\"e-con-inner\">\n\t\t<div class=\"elementor-element elementor-element-b5d0944 e-con-full e-flex e-con e-child\" data-id=\"b5d0944\" data-element_type=\"container\" data-e-type=\"container\">\n\t\t\t\t<div class=\"elementor-element elementor-element-224ccbb elementor-widget elementor-widget-text-editor\" data-id=\"224ccbb\" data-element_type=\"widget\" data-e-type=\"widget\" data-widget_type=\"text-editor.default\">\n\t\t\t\t<div class=\"elementor-widget-container\">\n\t\t\t\t\t\t\t\t\t<p>Programma Kit Digitale<\/p>\t\t\t\t\t\t\t\t<\/div>\n\t\t\t\t<\/div>\n\t\t\t\t<div class=\"elementor-element elementor-element-d711754 elementor-widget elementor-widget-image\" data-id=\"d711754\" data-element_type=\"widget\" data-e-type=\"widget\" data-widget_type=\"image.default\">\n\t\t\t\t<div class=\"elementor-widget-container\">\n\t\t\t\t\t\t\t\t\t\t\t\t\t\t\t<img decoding=\"async\" width=\"800\" height=\"63\" src=\"https:\/\/www.mesuraspirit.com\/wp-content\/uploads\/2025\/07\/Logos-Kit-W-1024x81-2-1.png\" class=\"attachment-large size-large wp-image-612\" alt=\"\" srcset=\"https:\/\/www.mesuraspirit.com\/wp-content\/uploads\/2025\/07\/Logos-Kit-W-1024x81-2-1.png 1024w, https:\/\/www.mesuraspirit.com\/wp-content\/uploads\/2025\/07\/Logos-Kit-W-1024x81-2-1-600x47.png 600w, https:\/\/www.mesuraspirit.com\/wp-content\/uploads\/2025\/07\/Logos-Kit-W-1024x81-2-1-300x24.png 300w, https:\/\/www.mesuraspirit.com\/wp-content\/uploads\/2025\/07\/Logos-Kit-W-1024x81-2-1-768x61.png 768w\" sizes=\"(max-width: 800px) 100vw, 800px\" \/>\t\t\t\t\t\t\t\t\t\t\t\t\t\t\t<\/div>\n\t\t\t\t<\/div>\n\t\t\t\t<\/div>\n\t\t<div class=\"elementor-element elementor-element-68c8625 e-con-full e-flex e-con e-child\" data-id=\"68c8625\" data-element_type=\"container\" data-e-type=\"container\">\n\t\t\t\t<div class=\"elementor-element elementor-element-8e19794 elementor-widget elementor-widget-text-editor\" data-id=\"8e19794\" data-element_type=\"widget\" data-e-type=\"widget\" data-widget_type=\"text-editor.default\">\n\t\t\t\t<div class=\"elementor-widget-container\">\n\t\t\t\t\t\t\t\t\t<p>NEGOPLAY SL | B92368703 \u00e8 stata beneficiaria del bando per la digitalizzazione delle imprese del segmento I nell'ambito dell'Agenda Espa\u00f1a Digital 2025, del Piano di digitalizzazione delle PMI 2021-2025 e del Piano di recupero, trasformazione e resilienza - finanziato dall'Unione Europea - Next Generation EU (Digital Kit Programme).<\/p>\t\t\t\t\t\t\t\t<\/div>\n\t\t\t\t<\/div>\n\t\t\t\t<\/div>\n\t\t\t\t\t<\/div>\n\t\t\t\t<\/div>\n\t\t\t\t<\/div>","protected":false},"excerpt":{"rendered":"<p>\u00bfTIENES 18 A\u00d1OS O M\u00c1S? ARE YOU 18 YEARS OLD OR OLDER? S\u00cd NO Concedemos gran importancia al uso responsable del alcohol. Por lo tanto, debe ser mayor de edad para visitar este sitio. We place great importance on the responsible use of alcohol. Therefore, you must be of legal age to visit this site. [&hellip;]<\/p>\n","protected":false},"author":7,"featured_media":0,"parent":0,"menu_order":0,"comment_status":"closed","ping_status":"closed","template":"elementor_canvas","meta":{"footnotes":""},"class_list":["post-835","page","type-page","status-publish","hentry"],"yoast_head":"<!-- This site is optimized with the Yoast SEO plugin v27.5 - https:\/\/yoast.com\/product\/yoast-seo-wordpress\/ -->\n<title>PreInicio - Mesura<\/title>\n<meta name=\"robots\" content=\"index, follow, max-snippet:-1, max-image-preview:large, max-video-preview:-1\" \/>\n<link rel=\"canonical\" href=\"https:\/\/www.mesuraspirit.com\/it\/preinicio\/\" \/>\n<meta property=\"og:locale\" content=\"it_IT\" \/>\n<meta property=\"og:type\" content=\"article\" \/>\n<meta property=\"og:title\" content=\"PreInicio - Mesura\" \/>\n<meta property=\"og:description\" content=\"\u00bfTIENES 18 A\u00d1OS O M\u00c1S? ARE YOU 18 YEARS OLD OR OLDER? S\u00cd NO Concedemos gran importancia al uso responsable del alcohol. Por lo tanto, debe ser mayor de edad para visitar este sitio. We place great importance on the responsible use of alcohol. Therefore, you must be of legal age to visit this site. [&hellip;]\" \/>\n<meta property=\"og:url\" content=\"https:\/\/www.mesuraspirit.com\/it\/preinicio\/\" \/>\n<meta property=\"og:site_name\" content=\"Mesura\" \/>\n<meta property=\"article:modified_time\" content=\"2026-04-03T20:21:09+00:00\" \/>\n<meta property=\"og:image\" content=\"https:\/\/www.mesuraspirit.com\/wp-content\/uploads\/2013\/05\/Mesura-logo-vector-web.png\" \/>\n<meta name=\"twitter:card\" content=\"summary_large_image\" \/>\n<meta name=\"twitter:label1\" content=\"Tempo di lettura stimato\" \/>\n\t<meta name=\"twitter:data1\" content=\"1 minuto\" \/>\n<script type=\"application\/ld+json\" class=\"yoast-schema-graph\">{\"@context\":\"https:\\\/\\\/schema.org\",\"@graph\":[{\"@type\":\"WebPage\",\"@id\":\"https:\\\/\\\/www.mesuraspirit.com\\\/preinicio\\\/\",\"url\":\"https:\\\/\\\/www.mesuraspirit.com\\\/preinicio\\\/\",\"name\":\"PreInicio - Mesura\",\"isPartOf\":{\"@id\":\"https:\\\/\\\/www.mesuraspirit.com\\\/#website\"},\"primaryImageOfPage\":{\"@id\":\"https:\\\/\\\/www.mesuraspirit.com\\\/preinicio\\\/#primaryimage\"},\"image\":{\"@id\":\"https:\\\/\\\/www.mesuraspirit.com\\\/preinicio\\\/#primaryimage\"},\"thumbnailUrl\":\"https:\\\/\\\/www.mesuraspirit.com\\\/wp-content\\\/uploads\\\/2013\\\/05\\\/Mesura-logo-vector-web.png\",\"datePublished\":\"2025-09-03T09:58:08+00:00\",\"dateModified\":\"2026-04-03T20:21:09+00:00\",\"breadcrumb\":{\"@id\":\"https:\\\/\\\/www.mesuraspirit.com\\\/preinicio\\\/#breadcrumb\"},\"inLanguage\":\"it-IT\",\"potentialAction\":[{\"@type\":\"ReadAction\",\"target\":[\"https:\\\/\\\/www.mesuraspirit.com\\\/preinicio\\\/\"]}]},{\"@type\":\"ImageObject\",\"inLanguage\":\"it-IT\",\"@id\":\"https:\\\/\\\/www.mesuraspirit.com\\\/preinicio\\\/#primaryimage\",\"url\":\"https:\\\/\\\/www.mesuraspirit.com\\\/wp-content\\\/uploads\\\/2013\\\/05\\\/Mesura-logo-vector-web.png\",\"contentUrl\":\"https:\\\/\\\/www.mesuraspirit.com\\\/wp-content\\\/uploads\\\/2013\\\/05\\\/Mesura-logo-vector-web.png\"},{\"@type\":\"BreadcrumbList\",\"@id\":\"https:\\\/\\\/www.mesuraspirit.com\\\/preinicio\\\/#breadcrumb\",\"itemListElement\":[{\"@type\":\"ListItem\",\"position\":1,\"name\":\"Portada\",\"item\":\"https:\\\/\\\/www.mesuraspirit.com\\\/\"},{\"@type\":\"ListItem\",\"position\":2,\"name\":\"PreInicio\"}]},{\"@type\":\"WebSite\",\"@id\":\"https:\\\/\\\/www.mesuraspirit.com\\\/#website\",\"url\":\"https:\\\/\\\/www.mesuraspirit.com\\\/\",\"name\":\"Mesura\",\"description\":\"Preparado alcoholico\",\"potentialAction\":[{\"@type\":\"SearchAction\",\"target\":{\"@type\":\"EntryPoint\",\"urlTemplate\":\"https:\\\/\\\/www.mesuraspirit.com\\\/?s={search_term_string}\"},\"query-input\":{\"@type\":\"PropertyValueSpecification\",\"valueRequired\":true,\"valueName\":\"search_term_string\"}}],\"inLanguage\":\"it-IT\"}]}<\/script>\n<!-- \/ Yoast SEO plugin. -->","yoast_head_json":{"title":"PreInicio - Mesura","robots":{"index":"index","follow":"follow","max-snippet":"max-snippet:-1","max-image-preview":"max-image-preview:large","max-video-preview":"max-video-preview:-1"},"canonical":"https:\/\/www.mesuraspirit.com\/it\/preinicio\/","og_locale":"it_IT","og_type":"article","og_title":"PreInicio - Mesura","og_description":"\u00bfTIENES 18 A\u00d1OS O M\u00c1S? ARE YOU 18 YEARS OLD OR OLDER? S\u00cd NO Concedemos gran importancia al uso responsable del alcohol. Por lo tanto, debe ser mayor de edad para visitar este sitio. We place great importance on the responsible use of alcohol. Therefore, you must be of legal age to visit this site. [&hellip;]","og_url":"https:\/\/www.mesuraspirit.com\/it\/preinicio\/","og_site_name":"Mesura","article_modified_time":"2026-04-03T20:21:09+00:00","og_image":[{"url":"https:\/\/www.mesuraspirit.com\/wp-content\/uploads\/2013\/05\/Mesura-logo-vector-web.png","type":"","width":"","height":""}],"twitter_card":"summary_large_image","twitter_misc":{"Tempo di lettura stimato":"1 minuto"},"schema":{"@context":"https:\/\/schema.org","@graph":[{"@type":"WebPage","@id":"https:\/\/www.mesuraspirit.com\/preinicio\/","url":"https:\/\/www.mesuraspirit.com\/preinicio\/","name":"PreInicio - Mesura","isPartOf":{"@id":"https:\/\/www.mesuraspirit.com\/#website"},"primaryImageOfPage":{"@id":"https:\/\/www.mesuraspirit.com\/preinicio\/#primaryimage"},"image":{"@id":"https:\/\/www.mesuraspirit.com\/preinicio\/#primaryimage"},"thumbnailUrl":"https:\/\/www.mesuraspirit.com\/wp-content\/uploads\/2013\/05\/Mesura-logo-vector-web.png","datePublished":"2025-09-03T09:58:08+00:00","dateModified":"2026-04-03T20:21:09+00:00","breadcrumb":{"@id":"https:\/\/www.mesuraspirit.com\/preinicio\/#breadcrumb"},"inLanguage":"it-IT","potentialAction":[{"@type":"ReadAction","target":["https:\/\/www.mesuraspirit.com\/preinicio\/"]}]},{"@type":"ImageObject","inLanguage":"it-IT","@id":"https:\/\/www.mesuraspirit.com\/preinicio\/#primaryimage","url":"https:\/\/www.mesuraspirit.com\/wp-content\/uploads\/2013\/05\/Mesura-logo-vector-web.png","contentUrl":"https:\/\/www.mesuraspirit.com\/wp-content\/uploads\/2013\/05\/Mesura-logo-vector-web.png"},{"@type":"BreadcrumbList","@id":"https:\/\/www.mesuraspirit.com\/preinicio\/#breadcrumb","itemListElement":[{"@type":"ListItem","position":1,"name":"Portada","item":"https:\/\/www.mesuraspirit.com\/"},{"@type":"ListItem","position":2,"name":"PreInicio"}]},{"@type":"WebSite","@id":"https:\/\/www.mesuraspirit.com\/#website","url":"https:\/\/www.mesuraspirit.com\/","name":"Mesura (moderazione)","description":"Preparazione alcolica","potentialAction":[{"@type":"SearchAction","target":{"@type":"EntryPoint","urlTemplate":"https:\/\/www.mesuraspirit.com\/?s={search_term_string}"},"query-input":{"@type":"PropertyValueSpecification","valueRequired":true,"valueName":"search_term_string"}}],"inLanguage":"it-IT"}]}},"_links":{"self":[{"href":"https:\/\/www.mesuraspirit.com\/it\/wp-json\/wp\/v2\/pages\/835","targetHints":{"allow":["GET"]}}],"collection":[{"href":"https:\/\/www.mesuraspirit.com\/it\/wp-json\/wp\/v2\/pages"}],"about":[{"href":"https:\/\/www.mesuraspirit.com\/it\/wp-json\/wp\/v2\/types\/page"}],"author":[{"embeddable":true,"href":"https:\/\/www.mesuraspirit.com\/it\/wp-json\/wp\/v2\/users\/7"}],"replies":[{"embeddable":true,"href":"https:\/\/www.mesuraspirit.com\/it\/wp-json\/wp\/v2\/comments?post=835"}],"version-history":[{"count":1,"href":"https:\/\/www.mesuraspirit.com\/it\/wp-json\/wp\/v2\/pages\/835\/revisions"}],"predecessor-version":[{"id":1364,"href":"https:\/\/www.mesuraspirit.com\/it\/wp-json\/wp\/v2\/pages\/835\/revisions\/1364"}],"wp:attachment":[{"href":"https:\/\/www.mesuraspirit.com\/it\/wp-json\/wp\/v2\/media?parent=835"}],"curies":[{"name":"wp","href":"https:\/\/api.w.org\/{rel}","templated":true}]}}