{"id":741,"date":"2025-09-01T17:44:54","date_gmt":"2025-09-01T15:44:54","guid":{"rendered":"https:\/\/www.mesuraspirit.com\/?page_id=741"},"modified":"2026-04-03T21:20:42","modified_gmt":"2026-04-03T20:20:42","slug":"contacto-numero-telefono","status":"publish","type":"page","link":"https:\/\/www.mesuraspirit.com\/it\/contacto-numero-telefono\/","title":{"rendered":"Contatto"},"content":{"rendered":"\t\t<div data-elementor-type=\"wp-page\" data-elementor-id=\"741\" class=\"elementor elementor-741\">\n\t\t\t\t<div class=\"elementor-element elementor-element-d2ee488 e-flex e-con-boxed e-con e-parent\" data-id=\"d2ee488\" data-element_type=\"container\" data-e-type=\"container\" data-settings=\"{&quot;background_background&quot;:&quot;classic&quot;}\">\n\t\t\t\t\t<div class=\"e-con-inner\">\n\t\t\t\t<div class=\"elementor-element elementor-element-fed3fd2 elementor-widget elementor-widget-heading\" data-id=\"fed3fd2\" data-element_type=\"widget\" data-e-type=\"widget\" data-widget_type=\"heading.default\">\n\t\t\t\t<div class=\"elementor-widget-container\">\n\t\t\t\t\t<h1 class=\"elementor-heading-title elementor-size-default\">CONTACTA<\/h1>\t\t\t\t<\/div>\n\t\t\t\t<\/div>\n\t\t\t\t\t<\/div>\n\t\t\t\t<\/div>\n\t\t<div class=\"elementor-element elementor-element-a7c4335 e-flex e-con-boxed e-con e-parent\" data-id=\"a7c4335\" data-element_type=\"container\" data-e-type=\"container\" data-settings=\"{&quot;background_background&quot;:&quot;classic&quot;}\">\n\t\t\t\t\t<div class=\"e-con-inner\">\n\t\t<div class=\"elementor-element elementor-element-38407fe e-con-full e-flex e-con e-child\" data-id=\"38407fe\" data-element_type=\"container\" data-e-type=\"container\">\n\t\t\t\t<div class=\"elementor-element elementor-element-8717cce elementor-icon-list--layout-traditional elementor-list-item-link-full_width elementor-widget elementor-widget-icon-list\" data-id=\"8717cce\" data-element_type=\"widget\" data-e-type=\"widget\" data-widget_type=\"icon-list.default\">\n\t\t\t\t<div class=\"elementor-widget-container\">\n\t\t\t\t\t\t\t<ul class=\"elementor-icon-list-items\">\n\t\t\t\t\t\t\t<li class=\"elementor-icon-list-item\">\n\t\t\t\t\t\t\t\t\t\t\t<span class=\"elementor-icon-list-icon\">\n\t\t\t\t\t\t\t<svg aria-hidden=\"true\" class=\"e-font-icon-svg e-fas-envelope\" viewBox=\"0 0 512 512\" xmlns=\"http:\/\/www.w3.org\/2000\/svg\"><path d=\"M502.3 190.8c3.9-3.1 9.7-.2 9.7 4.7V400c0 26.5-21.5 48-48 48H48c-26.5 0-48-21.5-48-48V195.6c0-5 5.7-7.8 9.7-4.7 22.4 17.4 52.1 39.5 154.1 113.6 21.1 15.4 56.7 47.8 92.2 47.6 35.7.3 72-32.8 92.3-47.6 102-74.1 131.6-96.3 154-113.7zM256 320c23.2.4 56.6-29.2 73.4-41.4 132.7-96.3 142.8-104.7 173.4-128.7 5.8-4.5 9.2-11.5 9.2-18.9v-19c0-26.5-21.5-48-48-48H48C21.5 64 0 85.5 0 112v19c0 7.4 3.4 14.3 9.2 18.9 30.6 23.9 40.7 32.4 173.4 128.7 16.8 12.2 50.2 41.8 73.4 41.4z\"><\/path><\/svg>\t\t\t\t\t\t<\/span>\n\t\t\t\t\t\t\t\t\t\t<span class=\"elementor-icon-list-text\">info@mesuraspirit.com<\/span>\n\t\t\t\t\t\t\t\t\t<\/li>\n\t\t\t\t\t\t\t\t<li class=\"elementor-icon-list-item\">\n\t\t\t\t\t\t\t\t\t\t\t<span class=\"elementor-icon-list-icon\">\n\t\t\t\t\t\t\t<svg aria-hidden=\"true\" class=\"e-font-icon-svg e-fas-envelope\" viewBox=\"0 0 512 512\" xmlns=\"http:\/\/www.w3.org\/2000\/svg\"><path d=\"M502.3 190.8c3.9-3.1 9.7-.2 9.7 4.7V400c0 26.5-21.5 48-48 48H48c-26.5 0-48-21.5-48-48V195.6c0-5 5.7-7.8 9.7-4.7 22.4 17.4 52.1 39.5 154.1 113.6 21.1 15.4 56.7 47.8 92.2 47.6 35.7.3 72-32.8 92.3-47.6 102-74.1 131.6-96.3 154-113.7zM256 320c23.2.4 56.6-29.2 73.4-41.4 132.7-96.3 142.8-104.7 173.4-128.7 5.8-4.5 9.2-11.5 9.2-18.9v-19c0-26.5-21.5-48-48-48H48C21.5 64 0 85.5 0 112v19c0 7.4 3.4 14.3 9.2 18.9 30.6 23.9 40.7 32.4 173.4 128.7 16.8 12.2 50.2 41.8 73.4 41.4z\"><\/path><\/svg>\t\t\t\t\t\t<\/span>\n\t\t\t\t\t\t\t\t\t\t<span class=\"elementor-icon-list-text\">export@mesuraspirit.com <\/span>\n\t\t\t\t\t\t\t\t\t<\/li>\n\t\t\t\t\t\t\t\t<li class=\"elementor-icon-list-item\">\n\t\t\t\t\t\t\t\t\t\t\t<span class=\"elementor-icon-list-icon\">\n\t\t\t\t\t\t\t<svg aria-hidden=\"true\" class=\"e-font-icon-svg e-fas-phone-alt\" viewBox=\"0 0 512 512\" xmlns=\"http:\/\/www.w3.org\/2000\/svg\"><path d=\"M497.39 361.8l-112-48a24 24 0 0 0-28 6.9l-49.6 60.6A370.66 370.66 0 0 1 130.6 204.11l60.6-49.6a23.94 23.94 0 0 0 6.9-28l-48-112A24.16 24.16 0 0 0 122.6.61l-104 24A24 24 0 0 0 0 48c0 256.5 207.9 464 464 464a24 24 0 0 0 23.4-18.6l24-104a24.29 24.29 0 0 0-14.01-27.6z\"><\/path><\/svg>\t\t\t\t\t\t<\/span>\n\t\t\t\t\t\t\t\t\t\t<span class=\"elementor-icon-list-text\">+34 618 596 365<\/span>\n\t\t\t\t\t\t\t\t\t<\/li>\n\t\t\t\t\t\t\t\t<li class=\"elementor-icon-list-item\">\n\t\t\t\t\t\t\t\t\t\t\t<span class=\"elementor-icon-list-icon\">\n\t\t\t\t\t\t\t<svg aria-hidden=\"true\" class=\"e-font-icon-svg e-fas-map-marker-alt\" viewBox=\"0 0 384 512\" xmlns=\"http:\/\/www.w3.org\/2000\/svg\"><path d=\"M172.268 501.67C26.97 291.031 0 269.413 0 192 0 85.961 85.961 0 192 0s192 85.961 192 192c0 77.413-26.97 99.031-172.268 309.67-9.535 13.774-29.93 13.773-39.464 0zM192 272c44.183 0 80-35.817 80-80s-35.817-80-80-80-80 35.817-80 80 35.817 80 80 80z\"><\/path><\/svg>\t\t\t\t\t\t<\/span>\n\t\t\t\t\t\t\t\t\t\t<span class=\"elementor-icon-list-text\">Urb. Campo Mijas, Finca Merino, n6, 29651 Mijas Costa - Malaga - Espa\u00f1a<\/span>\n\t\t\t\t\t\t\t\t\t<\/li>\n\t\t\t\t\t\t<\/ul>\n\t\t\t\t\t\t<\/div>\n\t\t\t\t<\/div>\n\t\t<div class=\"elementor-element elementor-element-14f7400 e-con-full elementor-hidden-desktop elementor-hidden-tablet elementor-hidden-mobile e-flex e-con e-child\" data-id=\"14f7400\" data-element_type=\"container\" data-e-type=\"container\">\n\t\t\t\t<div class=\"elementor-element elementor-element-e355fc8 elementor-widget elementor-widget-google_maps\" data-id=\"e355fc8\" data-element_type=\"widget\" data-e-type=\"widget\" data-widget_type=\"google_maps.default\">\n\t\t\t\t<div class=\"elementor-widget-container\">\n\t\t\t\t\t\t\t<div class=\"elementor-custom-embed\">\n\t\t\t<iframe loading=\"lazy\"\n\t\t\t\t\tsrc=\"https:\/\/maps.google.com\/maps?q=Urb.%20Campo%20Mijas%2C%20Finca%20Merino%2C%20n6%2C%2029651%20Mijas%20Costa%20-%20Malaga&#038;t=m&#038;z=10&#038;output=embed&#038;iwloc=near\"\n\t\t\t\t\ttitle=\"Urb. Campo Mijas, Finca Merino, n6, 29651 Mijas Costa - Malaga\"\n\t\t\t\t\taria-label=\"Urb. Campo Mijas, Finca Merino, n6, 29651 Mijas Costa - Malaga\"\n\t\t\t><\/iframe>\n\t\t<\/div>\n\t\t\t\t\t\t<\/div>\n\t\t\t\t<\/div>\n\t\t\t\t<\/div>\n\t\t\t\t<\/div>\n\t\t<div class=\"elementor-element elementor-element-0f77a32 e-con-full e-flex e-con e-child\" data-id=\"0f77a32\" data-element_type=\"container\" data-e-type=\"container\">\n\t\t\t\t<div class=\"elementor-element elementor-element-6faa3e2 eael-wpforms-labels-yes eael-wpforms-form-button-custom elementor-widget elementor-widget-eael-wpforms\" data-id=\"6faa3e2\" data-element_type=\"widget\" data-e-type=\"widget\" data-widget_type=\"eael-wpforms.default\">\n\t\t\t\t<div class=\"elementor-widget-container\">\n\t\t\t\t\t            <div class=\"eael-contact-form eael-wpforms placeholder-hide eael-wpforms-align-left\">\n                                <div class=\"wpforms-container wpforms-container-full wpforms-render-modern\" id=\"wpforms-631\"><form id=\"wpforms-form-631\" class=\"wpforms-validate wpforms-form wpforms-ajax-form\" data-formid=\"631\" method=\"post\" enctype=\"multipart\/form-data\" action=\"\/it\/wp-json\/wp\/v2\/pages\/741\" data-token=\"0e6bbbe104780ce3f1126159a6061892\" data-token-time=\"1778455603\"><noscript class=\"wpforms-error-noscript\">Abilita JavaScript nel browser per completare questo modulo.<\/noscript><div id=\"wpforms-error-noscript\" style=\"display: none;\">Abilita JavaScript nel browser per completare questo modulo.<\/div><div class=\"wpforms-field-container\"><div id=\"wpforms-631-field_1-container\" class=\"wpforms-field wpforms-field-name wpforms-one-half wpforms-first\" data-field-id=\"1\"><label class=\"wpforms-field-label\" for=\"wpforms-631-field_1\">Nombre y Apellidos <span class=\"wpforms-required-label\" aria-hidden=\"true\">*<\/span><\/label><input type=\"text\" id=\"wpforms-631-field_1\" class=\"wpforms-field-medium wpforms-field-required\" name=\"wpforms[fields][1]\" aria-errormessage=\"wpforms-631-field_1-error\" required><\/div><div id=\"wpforms-631-field_2-container\" class=\"wpforms-field wpforms-field-email wpforms-one-half\" data-field-id=\"2\"><label class=\"wpforms-field-label\" for=\"wpforms-631-field_2\">Correo electr\u00f3nico <span class=\"wpforms-required-label\" aria-hidden=\"true\">*<\/span><\/label><input type=\"email\" id=\"wpforms-631-field_2\" class=\"wpforms-field-small wpforms-field-required\" name=\"wpforms[fields][2]\" spellcheck=\"false\" aria-errormessage=\"wpforms-631-field_2-error\" required><\/div><div id=\"wpforms-631-field_5-container\" class=\"wpforms-field wpforms-field-number wpforms-one-half wpforms-first\" data-field-id=\"5\"><label class=\"wpforms-field-label\" for=\"wpforms-631-field_5\">Tel\u00e9fono de Contacto<\/label><input type=\"number\" id=\"wpforms-631-field_5\" class=\"wpforms-field-small\" name=\"wpforms[fields][5]\" step=\"any\" aria-errormessage=\"wpforms-631-field_5-error\" ><\/div><div id=\"wpforms-631-field_6-container\" class=\"wpforms-field wpforms-field-text wpforms-one-half\" data-field-id=\"6\"><label class=\"wpforms-field-label\" for=\"wpforms-631-field_6\">Empresa \/ Negocio <span class=\"wpforms-required-label\" aria-hidden=\"true\">*<\/span><\/label><input type=\"text\" id=\"wpforms-631-field_6\" class=\"wpforms-field-small wpforms-field-required\" name=\"wpforms[fields][6]\" aria-errormessage=\"wpforms-631-field_6-error\" required><\/div><div id=\"wpforms-631-field_7-container\" class=\"wpforms-field wpforms-field-text wpforms-one-half wpforms-first\" data-field-id=\"7\"><label class=\"wpforms-field-label\" for=\"wpforms-631-field_7\">Cargo o puesto<\/label><input type=\"text\" id=\"wpforms-631-field_7\" class=\"wpforms-field-small\" name=\"wpforms[fields][7]\" aria-errormessage=\"wpforms-631-field_7-error\" ><\/div><div id=\"wpforms-631-field_11-container\" class=\"wpforms-field wpforms-field-text wpforms-one-half\" data-field-id=\"11\"><label class=\"wpforms-field-label\" for=\"wpforms-631-field_11\">Ubicaci\u00f3n \/ Provincia <span class=\"wpforms-required-label\" aria-hidden=\"true\">*<\/span><\/label><input type=\"text\" id=\"wpforms-631-field_11\" class=\"wpforms-field-small wpforms-field-required\" name=\"wpforms[fields][11]\" aria-errormessage=\"wpforms-631-field_11-error\" required><\/div><div id=\"wpforms-631-field_13-container\" class=\"wpforms-field wpforms-field-select wpforms-one-half wpforms-first wpforms-field-select-style-classic\" data-field-id=\"13\"><label class=\"wpforms-field-label\" for=\"wpforms-631-field_13\">Tipo de negocio<\/label><select id=\"wpforms-631-field_13\" class=\"wpforms-field-medium\" name=\"wpforms[fields][13]\"><option value=\"Distribuidor\"  class=\"choice-1 depth-1\"  >Distribuidor<\/option><option value=\"Supermercado \/ tienda de alimentaci\u00f3n\"  class=\"choice-2 depth-1\"  >Supermercado \/ tienda de alimentaci\u00f3n<\/option><option value=\"Tienda gourmet o especializada\"  class=\"choice-3 depth-1\"  >Tienda gourmet o especializada<\/option><option value=\"Horeca (hosteler\u00eda, restauraci\u00f3n, catering)\"  class=\"choice-4 depth-1\"  >Horeca (hosteler\u00eda, restauraci\u00f3n, catering)<\/option><option value=\"Otro\"  class=\"choice-5 depth-1\"  >Otro<\/option><\/select><\/div>\t\t<div id=\"wpforms-631-field_4-container\"\n\t\t\tclass=\"wpforms-field wpforms-field-text\"\n\t\t\tdata-field-type=\"text\"\n\t\t\tdata-field-id=\"4\"\n\t\t\t>\n\t\t\t<label class=\"wpforms-field-label\" for=\"wpforms-631-field_4\" >mensaje Comentario electr\u00f3nico<\/label>\n\t\t\t<input type=\"text\" id=\"wpforms-631-field_4\" class=\"wpforms-field-medium\" name=\"wpforms[fields][4]\" >\n\t\t<\/div>\n\t\t<div id=\"wpforms-631-field_14-container\" class=\"wpforms-field wpforms-field-select wpforms-one-half wpforms-field-select-style-classic\" data-field-id=\"14\"><label class=\"wpforms-field-label\" for=\"wpforms-631-field_14\">\u00bfQu\u00e9 productos de Mesura te interesan?<\/label><select id=\"wpforms-631-field_14\" class=\"wpforms-field-medium\" name=\"wpforms[fields][14]\"><option value=\"Mesura\"  class=\"choice-3 depth-1\"  >Mesura<\/option><option value=\"Mesura ON\"  class=\"choice-1 depth-1\"  >Mesura ON<\/option><option value=\"Crema Banoffee\"  class=\"choice-2 depth-1\"  >Crema Banoffee<\/option><\/select><\/div><div id=\"wpforms-631-field_3-container\" class=\"wpforms-field wpforms-field-textarea\" data-field-id=\"3\"><label class=\"wpforms-field-label\" for=\"wpforms-631-field_3\">Comentario o mensaje<\/label><textarea id=\"wpforms-631-field_3\" class=\"wpforms-field-small\" name=\"wpforms[fields][3]\" aria-errormessage=\"wpforms-631-field_3-error\" ><\/textarea><\/div><div id=\"wpforms-631-field_15-container\" class=\"wpforms-field wpforms-field-checkbox\" data-field-id=\"15\"><fieldset><legend class=\"wpforms-field-label\">Verificaci\u00f3n <span class=\"wpforms-required-label\" aria-hidden=\"true\">*<\/span><\/legend><ul id=\"wpforms-631-field_15\" class=\"wpforms-field-required\"><li class=\"choice-1 depth-1\"><input type=\"checkbox\" id=\"wpforms-631-field_15_1\" name=\"wpforms[fields][15][]\" value=\"He le\u00eddo y acepto la &lt;a href=&quot;https:\/\/www.mesuraspirit.com\/politica-de-privacidad\/&quot;&gt;pol\u00edtica de privacidad&lt;\/a&gt;\" aria-errormessage=\"wpforms-631-field_15_1-error\" required ><label class=\"wpforms-field-label-inline\" for=\"wpforms-631-field_15_1\">He le\u00eddo y acepto la <a href=\"https:\/\/www.mesuraspirit.com\/politica-de-privacidad\/\">pol\u00edtica de privacidad<\/a><\/label><\/li><\/ul><\/fieldset><\/div><script>\n\t\t\t\t( function() {\n\t\t\t\t\tconst style = document.createElement( 'style' );\n\t\t\t\t\tstyle.appendChild( document.createTextNode( '#wpforms-631-field_4-container { position: absolute !important; overflow: hidden !important; display: inline !important; height: 1px !important; width: 1px !important; z-index: -1000 !important; padding: 0 !important; } #wpforms-631-field_4-container input { visibility: hidden; } #wpforms-conversational-form-page #wpforms-631-field_4-container label { counter-increment: none; }' ) );\n\t\t\t\t\tdocument.head.appendChild( style );\n\t\t\t\t\tdocument.currentScript?.remove();\n\t\t\t\t} )();\n\t\t\t<\/script><\/div><!-- .wpforms-field-container --><div class=\"wpforms-recaptcha-container wpforms-is-recaptcha wpforms-is-recaptcha-type-invisible\" ><div class=\"g-recaptcha\" data-sitekey=\"6LcmHBEsAAAAAEk_Rc2GG1lPV6H3ygN1MkKCe-xp\" data-size=\"invisible\"><\/div><\/div><div class=\"wpforms-submit-container\" ><input type=\"hidden\" name=\"wpforms[id]\" value=\"631\"><input type=\"hidden\" name=\"page_title\" value=\"\"><input type=\"hidden\" name=\"page_url\" value=\"https:\/\/www.mesuraspirit.com\/it\/wp-json\/wp\/v2\/pages\/741\"><input type=\"hidden\" name=\"url_referer\" value=\"\"><button type=\"submit\" name=\"wpforms[submit]\" id=\"wpforms-submit-631\" class=\"wpforms-submit\" data-alt-text=\"Enviando...\" data-submit-text=\"Enviar\" aria-live=\"assertive\" value=\"wpforms-submit\">Enviar<\/button><img decoding=\"async\" src=\"https:\/\/www.mesuraspirit.com\/wp-content\/plugins\/wpforms-lite\/assets\/images\/submit-spin.svg\" class=\"wpforms-submit-spinner\" style=\"display: none;\" width=\"26\" height=\"26\" alt=\"Caricamento\"><\/div><\/form><\/div>  <!-- .wpforms-container -->            <\/div>\n\t\t\t\t<\/div>\n\t\t\t\t<\/div>\n\t\t\t\t<\/div>\n\t\t\t\t\t<\/div>\n\t\t\t\t<\/div>\n\t\t\t\t<\/div>\n\t\t","protected":false},"excerpt":{"rendered":"<p>CONTACTA info@mesuraspirit.com export@mesuraspirit.com +34 618 596 365 Urb. Campo Mijas, Finca Merino, n6, 29651 Mijas Costa &#8211; Malaga &#8211; Espa\u00f1a Por favor, activa JavaScript en tu navegador para completar este formulario.Por favor, activa JavaScript en tu navegador para completar este formulario.Nombre y Apellidos *Correo electr\u00f3nico *Tel\u00e9fono de ContactoEmpresa \/ Negocio *Cargo o puestoUbicaci\u00f3n \/ Provincia [&hellip;]<\/p>\n","protected":false},"author":7,"featured_media":221,"parent":0,"menu_order":0,"comment_status":"closed","ping_status":"closed","template":"elementor_header_footer","meta":{"footnotes":""},"class_list":["post-741","page","type-page","status-publish","has-post-thumbnail","hentry"],"yoast_head":"<!-- This site is optimized with the Yoast SEO plugin v27.5 - https:\/\/yoast.com\/product\/yoast-seo-wordpress\/ -->\n<title>Tel\u00e9fono de Contacto Licores Mesura - Tienda Oficial<\/title>\n<meta name=\"description\" content=\"Contacta por correo electr\u00f3nico o por n\u00famero de tel\u00e9fono con Licores Mesura, la tienda online oficial del Licor.\" \/>\n<meta name=\"robots\" content=\"index, follow, max-snippet:-1, max-image-preview:large, max-video-preview:-1\" \/>\n<link rel=\"canonical\" href=\"https:\/\/www.mesuraspirit.com\/it\/contacto-numero-telefono\/\" \/>\n<meta property=\"og:locale\" content=\"it_IT\" \/>\n<meta property=\"og:type\" content=\"article\" \/>\n<meta property=\"og:title\" content=\"Tel\u00e9fono de Contacto Licores Mesura - Tienda Oficial\" \/>\n<meta property=\"og:description\" content=\"Contacta por correo electr\u00f3nico o por n\u00famero de tel\u00e9fono con Licores Mesura, la tienda online oficial del Licor.\" \/>\n<meta property=\"og:url\" content=\"https:\/\/www.mesuraspirit.com\/it\/contacto-numero-telefono\/\" \/>\n<meta property=\"og:site_name\" content=\"Mesura\" \/>\n<meta property=\"article:modified_time\" content=\"2026-04-03T20:20:42+00:00\" \/>\n<meta name=\"twitter:card\" content=\"summary_large_image\" \/>\n<meta name=\"twitter:label1\" content=\"Tempo di lettura stimato\" \/>\n\t<meta name=\"twitter:data1\" content=\"1 minuto\" \/>\n<script type=\"application\/ld+json\" class=\"yoast-schema-graph\">{\"@context\":\"https:\\\/\\\/schema.org\",\"@graph\":[{\"@type\":\"WebPage\",\"@id\":\"https:\\\/\\\/www.mesuraspirit.com\\\/contacto-numero-telefono\\\/\",\"url\":\"https:\\\/\\\/www.mesuraspirit.com\\\/contacto-numero-telefono\\\/\",\"name\":\"Tel\u00e9fono de Contacto Licores Mesura - Tienda Oficial\",\"isPartOf\":{\"@id\":\"https:\\\/\\\/www.mesuraspirit.com\\\/#website\"},\"primaryImageOfPage\":{\"@id\":\"https:\\\/\\\/www.mesuraspirit.com\\\/contacto-numero-telefono\\\/#primaryimage\"},\"image\":{\"@id\":\"https:\\\/\\\/www.mesuraspirit.com\\\/contacto-numero-telefono\\\/#primaryimage\"},\"thumbnailUrl\":\"https:\\\/\\\/www.mesuraspirit.com\\\/wp-content\\\/uploads\\\/2013\\\/05\\\/SpotJard\u00edn.bmp\",\"datePublished\":\"2025-09-01T15:44:54+00:00\",\"dateModified\":\"2026-04-03T20:20:42+00:00\",\"description\":\"Contacta por correo electr\u00f3nico o por n\u00famero de tel\u00e9fono con Licores Mesura, la tienda online oficial del Licor.\",\"breadcrumb\":{\"@id\":\"https:\\\/\\\/www.mesuraspirit.com\\\/contacto-numero-telefono\\\/#breadcrumb\"},\"inLanguage\":\"it-IT\",\"potentialAction\":[{\"@type\":\"ReadAction\",\"target\":[\"https:\\\/\\\/www.mesuraspirit.com\\\/contacto-numero-telefono\\\/\"]}]},{\"@type\":\"ImageObject\",\"inLanguage\":\"it-IT\",\"@id\":\"https:\\\/\\\/www.mesuraspirit.com\\\/contacto-numero-telefono\\\/#primaryimage\",\"url\":\"https:\\\/\\\/www.mesuraspirit.com\\\/wp-content\\\/uploads\\\/2013\\\/05\\\/SpotJard\u00edn.bmp\",\"contentUrl\":\"https:\\\/\\\/www.mesuraspirit.com\\\/wp-content\\\/uploads\\\/2013\\\/05\\\/SpotJard\u00edn.bmp\",\"width\":1920,\"height\":1080},{\"@type\":\"BreadcrumbList\",\"@id\":\"https:\\\/\\\/www.mesuraspirit.com\\\/contacto-numero-telefono\\\/#breadcrumb\",\"itemListElement\":[{\"@type\":\"ListItem\",\"position\":1,\"name\":\"Portada\",\"item\":\"https:\\\/\\\/www.mesuraspirit.com\\\/\"},{\"@type\":\"ListItem\",\"position\":2,\"name\":\"Contacto\"}]},{\"@type\":\"WebSite\",\"@id\":\"https:\\\/\\\/www.mesuraspirit.com\\\/#website\",\"url\":\"https:\\\/\\\/www.mesuraspirit.com\\\/\",\"name\":\"Mesura\",\"description\":\"Preparado alcoholico\",\"potentialAction\":[{\"@type\":\"SearchAction\",\"target\":{\"@type\":\"EntryPoint\",\"urlTemplate\":\"https:\\\/\\\/www.mesuraspirit.com\\\/?s={search_term_string}\"},\"query-input\":{\"@type\":\"PropertyValueSpecification\",\"valueRequired\":true,\"valueName\":\"search_term_string\"}}],\"inLanguage\":\"it-IT\"}]}<\/script>\n<!-- \/ Yoast SEO plugin. -->","yoast_head_json":{"title":"Tel\u00e9fono de Contacto Licores Mesura - Tienda Oficial","description":"Contacta por correo electr\u00f3nico o por n\u00famero de tel\u00e9fono con Licores Mesura, la tienda online oficial del Licor.","robots":{"index":"index","follow":"follow","max-snippet":"max-snippet:-1","max-image-preview":"max-image-preview:large","max-video-preview":"max-video-preview:-1"},"canonical":"https:\/\/www.mesuraspirit.com\/it\/contacto-numero-telefono\/","og_locale":"it_IT","og_type":"article","og_title":"Tel\u00e9fono de Contacto Licores Mesura - Tienda Oficial","og_description":"Contacta por correo electr\u00f3nico o por n\u00famero de tel\u00e9fono con Licores Mesura, la tienda online oficial del Licor.","og_url":"https:\/\/www.mesuraspirit.com\/it\/contacto-numero-telefono\/","og_site_name":"Mesura","article_modified_time":"2026-04-03T20:20:42+00:00","twitter_card":"summary_large_image","twitter_misc":{"Tempo di lettura stimato":"1 minuto"},"schema":{"@context":"https:\/\/schema.org","@graph":[{"@type":"WebPage","@id":"https:\/\/www.mesuraspirit.com\/contacto-numero-telefono\/","url":"https:\/\/www.mesuraspirit.com\/contacto-numero-telefono\/","name":"Tel\u00e9fono de Contacto Licores Mesura - Tienda Oficial","isPartOf":{"@id":"https:\/\/www.mesuraspirit.com\/#website"},"primaryImageOfPage":{"@id":"https:\/\/www.mesuraspirit.com\/contacto-numero-telefono\/#primaryimage"},"image":{"@id":"https:\/\/www.mesuraspirit.com\/contacto-numero-telefono\/#primaryimage"},"thumbnailUrl":"https:\/\/www.mesuraspirit.com\/wp-content\/uploads\/2013\/05\/SpotJard\u00edn.bmp","datePublished":"2025-09-01T15:44:54+00:00","dateModified":"2026-04-03T20:20:42+00:00","description":"Contacta por correo electr\u00f3nico o por n\u00famero de tel\u00e9fono con Licores Mesura, la tienda online oficial del Licor.","breadcrumb":{"@id":"https:\/\/www.mesuraspirit.com\/contacto-numero-telefono\/#breadcrumb"},"inLanguage":"it-IT","potentialAction":[{"@type":"ReadAction","target":["https:\/\/www.mesuraspirit.com\/contacto-numero-telefono\/"]}]},{"@type":"ImageObject","inLanguage":"it-IT","@id":"https:\/\/www.mesuraspirit.com\/contacto-numero-telefono\/#primaryimage","url":"https:\/\/www.mesuraspirit.com\/wp-content\/uploads\/2013\/05\/SpotJard\u00edn.bmp","contentUrl":"https:\/\/www.mesuraspirit.com\/wp-content\/uploads\/2013\/05\/SpotJard\u00edn.bmp","width":1920,"height":1080},{"@type":"BreadcrumbList","@id":"https:\/\/www.mesuraspirit.com\/contacto-numero-telefono\/#breadcrumb","itemListElement":[{"@type":"ListItem","position":1,"name":"Portada","item":"https:\/\/www.mesuraspirit.com\/"},{"@type":"ListItem","position":2,"name":"Contacto"}]},{"@type":"WebSite","@id":"https:\/\/www.mesuraspirit.com\/#website","url":"https:\/\/www.mesuraspirit.com\/","name":"Mesura (moderazione)","description":"Preparazione alcolica","potentialAction":[{"@type":"SearchAction","target":{"@type":"EntryPoint","urlTemplate":"https:\/\/www.mesuraspirit.com\/?s={search_term_string}"},"query-input":{"@type":"PropertyValueSpecification","valueRequired":true,"valueName":"search_term_string"}}],"inLanguage":"it-IT"}]}},"_links":{"self":[{"href":"https:\/\/www.mesuraspirit.com\/it\/wp-json\/wp\/v2\/pages\/741","targetHints":{"allow":["GET"]}}],"collection":[{"href":"https:\/\/www.mesuraspirit.com\/it\/wp-json\/wp\/v2\/pages"}],"about":[{"href":"https:\/\/www.mesuraspirit.com\/it\/wp-json\/wp\/v2\/types\/page"}],"author":[{"embeddable":true,"href":"https:\/\/www.mesuraspirit.com\/it\/wp-json\/wp\/v2\/users\/7"}],"replies":[{"embeddable":true,"href":"https:\/\/www.mesuraspirit.com\/it\/wp-json\/wp\/v2\/comments?post=741"}],"version-history":[{"count":21,"href":"https:\/\/www.mesuraspirit.com\/it\/wp-json\/wp\/v2\/pages\/741\/revisions"}],"predecessor-version":[{"id":1328,"href":"https:\/\/www.mesuraspirit.com\/it\/wp-json\/wp\/v2\/pages\/741\/revisions\/1328"}],"wp:featuredmedia":[{"embeddable":true,"href":"https:\/\/www.mesuraspirit.com\/it\/wp-json\/wp\/v2\/media\/221"}],"wp:attachment":[{"href":"https:\/\/www.mesuraspirit.com\/it\/wp-json\/wp\/v2\/media?parent=741"}],"curies":[{"name":"wp","href":"https:\/\/api.w.org\/{rel}","templated":true}]}}