{"id":802,"date":"2025-09-03T10:42:51","date_gmt":"2025-09-03T08:42:51","guid":{"rendered":"https:\/\/www.mesuraspirit.com\/?page_id=802"},"modified":"2026-04-03T21:21:10","modified_gmt":"2026-04-03T20:21:10","slug":"tienda-mesura","status":"publish","type":"page","link":"https:\/\/www.mesuraspirit.com\/en\/tienda-mesura\/","title":{"rendered":"Tienda Mesura"},"content":{"rendered":"<div data-elementor-type=\"wp-page\" data-elementor-id=\"802\" class=\"elementor elementor-802\">\n\t\t\t\t<div class=\"elementor-element elementor-element-0ea821c e-flex e-con-boxed e-con e-parent\" data-id=\"0ea821c\" data-element_type=\"container\">\n\t\t\t\t\t<div class=\"e-con-inner\">\n\t\t\t\t<div class=\"elementor-element elementor-element-b95b2b5 elementor-hidden-desktop elementor-hidden-tablet elementor-hidden-mobile elementor-widget elementor-widget-heading\" data-id=\"b95b2b5\" data-element_type=\"widget\" data-widget_type=\"heading.default\">\n\t\t\t\t<div class=\"elementor-widget-container\">\n\t\t\t\t\t<h1 class=\"elementor-heading-title elementor-size-default\">Official Store<\/h1>\t\t\t\t<\/div>\n\t\t\t\t<\/div>\n\t\t\t\t\t<\/div>\n\t\t\t\t<\/div>\n\t\t<div class=\"elementor-element elementor-element-9a73592 e-flex e-con-boxed e-con e-parent\" data-id=\"9a73592\" data-element_type=\"container\">\n\t\t\t\t\t<div class=\"e-con-inner\">\n\t\t\t\t<div class=\"elementor-element elementor-element-c04ce3c eael-product-gallery-column-4 elementor-widget elementor-widget-eael-woo-product-gallery\" data-id=\"c04ce3c\" data-element_type=\"widget\" data-settings=\"{&quot;eael_product_gallery_column&quot;:&quot;4&quot;}\" data-widget_type=\"eael-woo-product-gallery.default\">\n\t\t\t\t<div class=\"elementor-widget-container\">\n\t\t\t\t\t\n        <div class=\"eael-product-gallery eael-product-preset-4 grid eael-terms-layout-horizontal\" id=\"eael-product-gallery\" data-widget-id=\"c04ce3c\" data-page-id=\"802\" data-nonce=\"5c5653b58a\" >\n\t\t\t\n            <div class=\"woocommerce\">\n\t\t\t\t<ul class=\"products eael-post-appender eael-post-appender-c04ce3c\" data-layout-mode=\"grid\" data-ssi-desktop=\"no\" ><li class=\"product\">\n        <div class=\"eael-product-wrap\" data-src=\"\" data-src-hover=\"\" >\n    <a href=\"https:\/\/www.mesuraspirit.com\/en\/product\/mesura-on-6-uds\/\" class=\"woocommerce-LoopProduct-link woocommerce-loop-product__link\"><img fetchpriority=\"high\" decoding=\"async\" width=\"600\" height=\"600\" src=\"https:\/\/www.mesuraspirit.com\/wp-content\/uploads\/2025\/12\/Diseno-sin-titulo-1-600x600.jpg\" class=\"attachment-woocommerce_thumbnail size-woocommerce_thumbnail\" alt=\"Mesura ON - 6 uds.\" loading=\"eager\" srcset=\"https:\/\/www.mesuraspirit.com\/wp-content\/uploads\/2025\/12\/Diseno-sin-titulo-1-600x600.jpg 600w, https:\/\/www.mesuraspirit.com\/wp-content\/uploads\/2025\/12\/Diseno-sin-titulo-1-150x150.jpg 150w, https:\/\/www.mesuraspirit.com\/wp-content\/uploads\/2025\/12\/Diseno-sin-titulo-1-12x12.jpg 12w, https:\/\/www.mesuraspirit.com\/wp-content\/uploads\/2025\/12\/Diseno-sin-titulo-1-100x100.jpg 100w\" sizes=\"(max-width: 600px) 100vw, 600px\" \/><\/a><h1 class=\"woocommerce-loop-product__title\">Mesura ON - 6 pcs.<\/h1><div class=\"eael-product-price\"><span class=\"woocommerce-Price-amount amount\"><bdi><span class=\"woocommerce-Price-currencySymbol\">\u20ac<\/span>69.50<\/bdi><\/span> <small class=\"woocommerce-price-suffix\">taxes included<\/small><\/div><a href=\"\/en\/wp-json\/wp\/v2\/pages\/802?add-to-cart=1333\" aria-describedby=\"woocommerce_loop_add_to_cart_link_describedby_1333\" data-quantity=\"1\" class=\"button product_type_simple add_to_cart_button ajax_add_to_cart\" data-product_id=\"1333\" data-product_sku=\"\" aria-label=\"Add to basket: \u201cMesura ON - 6 uds.\u201d\" rel=\"nofollow\" data-success_message=\"\u201cMesura ON - 6 uds.\u201d has been added to your cart\" data-no-translation=\"\" data-trp-gettext=\"\" data-no-translation-aria-label=\"\" data-no-translation-data-success_message=\"\">Add to basket<\/a>\t<span id=\"woocommerce_loop_add_to_cart_link_describedby_1333\" class=\"screen-reader-text\">\n\t\t\t<\/span>\n    <\/div>\n<\/li><li class=\"product\">\n        <div class=\"eael-product-wrap\" data-src=\"\" data-src-hover=\"\" >\n    <a href=\"https:\/\/www.mesuraspirit.com\/en\/product\/crema-banoffee-6-uds\/\" class=\"woocommerce-LoopProduct-link woocommerce-loop-product__link\"><img decoding=\"async\" width=\"600\" height=\"600\" src=\"https:\/\/www.mesuraspirit.com\/wp-content\/uploads\/2025\/12\/Diseno-sin-titulo-600x600.jpg\" class=\"attachment-woocommerce_thumbnail size-woocommerce_thumbnail\" alt=\"Crema Banoffee - 6 uds.\" loading=\"eager\" srcset=\"https:\/\/www.mesuraspirit.com\/wp-content\/uploads\/2025\/12\/Diseno-sin-titulo-600x600.jpg 600w, https:\/\/www.mesuraspirit.com\/wp-content\/uploads\/2025\/12\/Diseno-sin-titulo-150x150.jpg 150w, https:\/\/www.mesuraspirit.com\/wp-content\/uploads\/2025\/12\/Diseno-sin-titulo-13x12.jpg 13w, https:\/\/www.mesuraspirit.com\/wp-content\/uploads\/2025\/12\/Diseno-sin-titulo-100x100.jpg 100w\" sizes=\"(max-width: 600px) 100vw, 600px\" \/><\/a><h1 class=\"woocommerce-loop-product__title\">Banoffee cream - 6 pcs.<\/h1><div class=\"eael-product-price\"><span class=\"woocommerce-Price-amount amount\"><bdi><span class=\"woocommerce-Price-currencySymbol\">\u20ac<\/span>63.50<\/bdi><\/span> <small class=\"woocommerce-price-suffix\">taxes included<\/small><\/div><a href=\"\/en\/wp-json\/wp\/v2\/pages\/802?add-to-cart=1329\" aria-describedby=\"woocommerce_loop_add_to_cart_link_describedby_1329\" data-quantity=\"1\" class=\"button product_type_simple add_to_cart_button ajax_add_to_cart\" data-product_id=\"1329\" data-product_sku=\"\" aria-label=\"Add to basket: \u201cCrema Banoffee - 6 uds.\u201d\" rel=\"nofollow\" data-success_message=\"\u201cCrema Banoffee - 6 uds.\u201d has been added to your cart\" data-no-translation=\"\" data-trp-gettext=\"\" data-no-translation-aria-label=\"\" data-no-translation-data-success_message=\"\">Add to basket<\/a>\t<span id=\"woocommerce_loop_add_to_cart_link_describedby_1329\" class=\"screen-reader-text\">\n\t\t\t<\/span>\n    <\/div>\n<\/li><li class=\"product\">\n        <div class=\"eael-product-wrap\" data-src=\"\" data-src-hover=\"\" >\n    <a href=\"https:\/\/www.mesuraspirit.com\/en\/product\/libro-de-recetas\/\" class=\"woocommerce-LoopProduct-link woocommerce-loop-product__link\"><img decoding=\"async\" width=\"600\" height=\"600\" src=\"https:\/\/www.mesuraspirit.com\/wp-content\/uploads\/2025\/11\/Captura-de-pantalla-2025-11-06-110606-600x600.png\" class=\"attachment-woocommerce_thumbnail size-woocommerce_thumbnail\" alt=\"Libro de Recetas\" loading=\"eager\" srcset=\"https:\/\/www.mesuraspirit.com\/wp-content\/uploads\/2025\/11\/Captura-de-pantalla-2025-11-06-110606-600x600.png 600w, https:\/\/www.mesuraspirit.com\/wp-content\/uploads\/2025\/11\/Captura-de-pantalla-2025-11-06-110606-100x100.png 100w\" sizes=\"(max-width: 600px) 100vw, 600px\" \/><\/a><h1 class=\"woocommerce-loop-product__title\">Recipe Book<\/h1><div class=\"eael-product-price\"><span class=\"woocommerce-Price-amount amount\"><bdi><span class=\"woocommerce-Price-currencySymbol\">\u20ac<\/span>5.00<\/bdi><\/span> <small class=\"woocommerce-price-suffix\">taxes included<\/small><\/div><a href=\"\/en\/wp-json\/wp\/v2\/pages\/802?add-to-cart=1001\" aria-describedby=\"woocommerce_loop_add_to_cart_link_describedby_1001\" data-quantity=\"1\" class=\"button product_type_simple add_to_cart_button ajax_add_to_cart\" data-product_id=\"1001\" data-product_sku=\"\" aria-label=\"Add to basket: \u201cLibro de Recetas\u201d\" rel=\"nofollow\" data-success_message=\"\u201cLibro de Recetas\u201d has been added to your cart\" data-no-translation=\"\" data-trp-gettext=\"\" data-no-translation-aria-label=\"\" data-no-translation-data-success_message=\"\">Add to basket<\/a>\t<span id=\"woocommerce_loop_add_to_cart_link_describedby_1001\" class=\"screen-reader-text\">\n\t\t\t<\/span>\n    <\/div>\n<\/li><li class=\"product\">\n        <div class=\"eael-product-wrap\" data-src=\"\" data-src-hover=\"\" >\n    <a href=\"https:\/\/www.mesuraspirit.com\/en\/product\/crema-banoffee\/\" class=\"woocommerce-LoopProduct-link woocommerce-loop-product__link\"><img decoding=\"async\" width=\"600\" height=\"600\" src=\"https:\/\/www.mesuraspirit.com\/wp-content\/uploads\/2025\/07\/DSC03102-scaled-e1753695135248-600x600.jpg\" class=\"attachment-woocommerce_thumbnail size-woocommerce_thumbnail\" alt=\"Crema Banoffee - 70cl\" loading=\"eager\" srcset=\"https:\/\/www.mesuraspirit.com\/wp-content\/uploads\/2025\/07\/DSC03102-scaled-e1753695135248-600x600.jpg 600w, https:\/\/www.mesuraspirit.com\/wp-content\/uploads\/2025\/07\/DSC03102-scaled-e1753695135248-100x100.jpg 100w\" sizes=\"(max-width: 600px) 100vw, 600px\" \/><\/a><h1 class=\"woocommerce-loop-product__title\">Banoffee Cream - 70cl<\/h1><div class=\"eael-product-price\"><span class=\"woocommerce-Price-amount amount\"><bdi><span class=\"woocommerce-Price-currencySymbol\">\u20ac<\/span>12.70<\/bdi><\/span> <small class=\"woocommerce-price-suffix\">taxes included<\/small><\/div><a href=\"\/en\/wp-json\/wp\/v2\/pages\/802?add-to-cart=756\" aria-describedby=\"woocommerce_loop_add_to_cart_link_describedby_756\" data-quantity=\"1\" class=\"button product_type_simple add_to_cart_button ajax_add_to_cart\" data-product_id=\"756\" data-product_sku=\"\" aria-label=\"Add to basket: \u201cCrema Banoffee - 70cl\u201d\" rel=\"nofollow\" data-success_message=\"\u201cCrema Banoffee - 70cl\u201d has been added to your cart\" data-no-translation=\"\" data-trp-gettext=\"\" data-no-translation-aria-label=\"\" data-no-translation-data-success_message=\"\">Add to basket<\/a>\t<span id=\"woocommerce_loop_add_to_cart_link_describedby_756\" class=\"screen-reader-text\">\n\t\t\t<\/span>\n    <\/div>\n<\/li><li class=\"product\">\n        <div class=\"eael-product-wrap\" data-src=\"\" data-src-hover=\"\" >\n    <a href=\"https:\/\/www.mesuraspirit.com\/en\/product\/mesura-on\/\" class=\"woocommerce-LoopProduct-link woocommerce-loop-product__link\"><img decoding=\"async\" width=\"600\" height=\"600\" src=\"https:\/\/www.mesuraspirit.com\/wp-content\/uploads\/2025\/07\/DSC03122-scaled-e1753694478788-600x600.jpg\" class=\"attachment-woocommerce_thumbnail size-woocommerce_thumbnail\" alt=\"Mesura ON - 70cl\" loading=\"eager\" srcset=\"https:\/\/www.mesuraspirit.com\/wp-content\/uploads\/2025\/07\/DSC03122-scaled-e1753694478788-600x600.jpg 600w, https:\/\/www.mesuraspirit.com\/wp-content\/uploads\/2025\/07\/DSC03122-scaled-e1753694478788-100x100.jpg 100w\" sizes=\"(max-width: 600px) 100vw, 600px\" \/><\/a><h1 class=\"woocommerce-loop-product__title\">Mesura ON - 70cl<\/h1><div class=\"eael-product-price\"><span class=\"woocommerce-Price-amount amount\"><bdi><span class=\"woocommerce-Price-currencySymbol\">\u20ac<\/span>13.90<\/bdi><\/span> <small class=\"woocommerce-price-suffix\">taxes included<\/small><\/div><a href=\"\/en\/wp-json\/wp\/v2\/pages\/802?add-to-cart=755\" aria-describedby=\"woocommerce_loop_add_to_cart_link_describedby_755\" data-quantity=\"1\" class=\"button product_type_simple add_to_cart_button ajax_add_to_cart\" data-product_id=\"755\" data-product_sku=\"\" aria-label=\"Add to basket: \u201cMesura ON - 70cl\u201d\" rel=\"nofollow\" data-success_message=\"\u201cMesura ON - 70cl\u201d has been added to your cart\" data-no-translation=\"\" data-trp-gettext=\"\" data-no-translation-aria-label=\"\" data-no-translation-data-success_message=\"\">Add to basket<\/a>\t<span id=\"woocommerce_loop_add_to_cart_link_describedby_755\" class=\"screen-reader-text\">\n\t\t\t<\/span>\n    <\/div>\n<\/li><li class=\"product\">\n        <div class=\"eael-product-wrap\" data-src=\"\" data-src-hover=\"\" >\n    <a href=\"https:\/\/www.mesuraspirit.com\/en\/product\/caja-6-unidades\/\" class=\"woocommerce-LoopProduct-link woocommerce-loop-product__link\"><img decoding=\"async\" width=\"600\" height=\"600\" src=\"https:\/\/www.mesuraspirit.com\/wp-content\/uploads\/2015\/03\/seis-botellas-600x600.png\" class=\"attachment-woocommerce_thumbnail size-woocommerce_thumbnail\" alt=\"Mesura - 6 uds.\" loading=\"eager\" srcset=\"https:\/\/www.mesuraspirit.com\/wp-content\/uploads\/2015\/03\/seis-botellas-600x600.png 600w, https:\/\/www.mesuraspirit.com\/wp-content\/uploads\/2015\/03\/seis-botellas-100x100.png 100w, https:\/\/www.mesuraspirit.com\/wp-content\/uploads\/2015\/03\/seis-botellas.png 1024w\" sizes=\"(max-width: 600px) 100vw, 600px\" \/><\/a><h1 class=\"woocommerce-loop-product__title\">Mesura - 6 pcs.<\/h1><div class=\"eael-product-price\"><span class=\"woocommerce-Price-amount amount\"><bdi><span class=\"woocommerce-Price-currencySymbol\">\u20ac<\/span>63.50<\/bdi><\/span> <small class=\"woocommerce-price-suffix\">taxes included<\/small><\/div><a href=\"\/en\/wp-json\/wp\/v2\/pages\/802?add-to-cart=380\" aria-describedby=\"woocommerce_loop_add_to_cart_link_describedby_380\" data-quantity=\"1\" class=\"button product_type_simple add_to_cart_button ajax_add_to_cart\" data-product_id=\"380\" data-product_sku=\"\" aria-label=\"Add to basket: \u201cMesura - 6 uds.\u201d\" rel=\"nofollow\" data-success_message=\"\u201cMesura - 6 uds.\u201d has been added to your cart\" data-no-translation=\"\" data-trp-gettext=\"\" data-no-translation-aria-label=\"\" data-no-translation-data-success_message=\"\">Add to basket<\/a>\t<span id=\"woocommerce_loop_add_to_cart_link_describedby_380\" class=\"screen-reader-text\">\n\t\t\t<\/span>\n    <\/div>\n<\/li><li class=\"product\">\n        <div class=\"eael-product-wrap\" data-src=\"\" data-src-hover=\"\" >\n    <a href=\"https:\/\/www.mesuraspirit.com\/en\/product\/mesura-70cl\/\" class=\"woocommerce-LoopProduct-link woocommerce-loop-product__link\"><img decoding=\"async\" width=\"600\" height=\"600\" src=\"https:\/\/www.mesuraspirit.com\/wp-content\/uploads\/2015\/03\/mesura-600x600.png\" class=\"attachment-woocommerce_thumbnail size-woocommerce_thumbnail\" alt=\"Mesura - 70cl\" loading=\"eager\" srcset=\"https:\/\/www.mesuraspirit.com\/wp-content\/uploads\/2015\/03\/mesura-600x600.png 600w, https:\/\/www.mesuraspirit.com\/wp-content\/uploads\/2015\/03\/mesura-100x100.png 100w, https:\/\/www.mesuraspirit.com\/wp-content\/uploads\/2015\/03\/mesura.png 1024w\" sizes=\"(max-width: 600px) 100vw, 600px\" \/><\/a><h1 class=\"woocommerce-loop-product__title\">Mesura - 70cl<\/h1><div class=\"eael-product-price\"><span class=\"woocommerce-Price-amount amount\"><bdi><span class=\"woocommerce-Price-currencySymbol\">\u20ac<\/span>12.70<\/bdi><\/span> <small class=\"woocommerce-price-suffix\">taxes included<\/small><\/div><a href=\"\/en\/wp-json\/wp\/v2\/pages\/802?add-to-cart=230\" aria-describedby=\"woocommerce_loop_add_to_cart_link_describedby_230\" data-quantity=\"1\" class=\"button product_type_simple add_to_cart_button ajax_add_to_cart\" data-product_id=\"230\" data-product_sku=\"\" aria-label=\"Add to basket: \u201cMesura - 70cl\u201d\" rel=\"nofollow\" data-success_message=\"\u201cMesura - 70cl\u201d has been added to your cart\" data-no-translation=\"\" data-trp-gettext=\"\" data-no-translation-aria-label=\"\" data-no-translation-data-success_message=\"\">Add to basket<\/a>\t<span id=\"woocommerce_loop_add_to_cart_link_describedby_230\" class=\"screen-reader-text\">\n\t\t\t<\/span>\n    <\/div>\n<\/li><\/ul>            <div class=\"eael-load-more-button-wrap eael-force-hide\">\n                <button class=\"hide-load-more eael-load-more-button\" id=\"eael-load-more-btn-c04ce3c\" data-widget-id=\"c04ce3c\" data-widget=\"c04ce3c\" data-page-id=\"802\" data-template=\"{&quot;dir&quot;:&quot;lite&quot;,&quot;file_name&quot;:&quot;preset-4.php&quot;,&quot;name&quot;:&quot;Woo-Product-Gallery&quot;}\" data-class=\"Essential_Addons_Elementor\\Elements\\Woo_Product_Gallery\" data-layout=\"grid\" data-page=\"1\" data-args=\"post_type=product&amp;post_status%5B0%5D=publish&amp;post_status%5B1%5D=pending&amp;post_status%5B2%5D=future&amp;posts_per_page=20&amp;order=desc&amp;offset=0&amp;tax_query%5Brelation%5D=AND&amp;tax_query%5B0%5D%5Btaxonomy%5D=product_visibility&amp;tax_query%5B0%5D%5Bfield%5D=name&amp;tax_query%5B0%5D%5Bterms%5D%5B0%5D=exclude-from-search&amp;tax_query%5B0%5D%5Bterms%5D%5B1%5D=exclude-from-catalog&amp;tax_query%5B0%5D%5Boperator%5D=NOT+IN&amp;orderby=date&amp;meta_query%5Brelation%5D=AND\" data-max-page=\"1\">\n                    <span class=\"eael-btn-loader button__loader\"><\/span>\n                    <span class=\"eael_load_more_text\"><\/span>\n                <\/button>\n            <\/div>\n                        <\/div>\n        <\/div>\n        <script type=\"text\/javascript\">\n\t\t\tjQuery(document).ready(function ($) {\n\t\t\t\tvar $scope = jQuery(\".elementor-element-c04ce3c\");\n\t\t\t\tvar $products = $('.products', $scope);\n\t\t\t\tvar $layout_mode = $products.data('layout-mode');\n\n\t\t\t\tif ($layout_mode === 'masonry') {\n\t\t\t\t\t\/\/ init isotope\n\t\t\t\t\tvar $isotope_products = $products.isotope({\n\t\t\t\t\t\t                                          itemSelector: \"li.product\",\n\t\t\t\t\t\t                                          layoutMode: $layout_mode,\n\t\t\t\t\t\t                                          percentPosition: true\n\t\t\t\t\t                                          });\n\n\t\t\t\t\t$isotope_products.imagesLoaded().progress(function () {\n\t\t\t\t\t\t$isotope_products.isotope('layout');\n\t\t\t\t\t})\n\n\t\t\t\t\t$(window).on('resize', function () {\n\t\t\t\t\t\t$isotope_products.isotope('layout');\n\t\t\t\t\t});\n\t\t\t\t}\n\t\t\t});\n        <\/script>\n\t\t\t\t\t\t<\/div>\n\t\t\t\t<\/div>\n\t\t\t\t\t<\/div>\n\t\t\t\t<\/div>\n\t\t\t\t<\/div>","protected":false},"excerpt":{"rendered":"<p>Tienda Oficial Libro de Recetas &euro;5.00 impuestos incluidosA\u00f1adir al carrito Crema Banoffee &#8211; 70cl &euro;18.00 impuestos incluidosA\u00f1adir al carrito Mesura ON &#8211; 70cl &euro;15.00 impuestos incluidosA\u00f1adir al carrito Mesura &#8211; 6 uds. &euro;53.35 impuestos incluidosA\u00f1adir al carrito Mesura &#8211; 70cl &euro;13.00 impuestos incluidosA\u00f1adir al carrito<\/p>","protected":false},"author":7,"featured_media":0,"parent":0,"menu_order":0,"comment_status":"closed","ping_status":"closed","template":"","meta":{"footnotes":""},"class_list":["post-802","page","type-page","status-publish","hentry"],"yoast_head":"<!-- This site is optimized with the Yoast SEO plugin v26.9 - https:\/\/yoast.com\/product\/yoast-seo-wordpress\/ -->\n<title>Licores para Preparaci\u00f3n de C\u00f3cteles | Mesura Web Oficial<\/title>\n<meta name=\"description\" content=\"Comprar Licores para C\u00f3cteles Espa\u00f1oles Online en la Tienda Oficial de Mesura. Los mejores licores para tus c\u00f3cteles.\" \/>\n<meta name=\"robots\" content=\"index, follow, max-snippet:-1, max-image-preview:large, max-video-preview:-1\" \/>\n<link rel=\"canonical\" href=\"https:\/\/www.mesuraspirit.com\/en\/tienda-mesura\/\" \/>\n<meta property=\"og:locale\" content=\"en_GB\" \/>\n<meta property=\"og:type\" content=\"article\" \/>\n<meta property=\"og:title\" content=\"Licores para Preparaci\u00f3n de C\u00f3cteles | Mesura Web Oficial\" \/>\n<meta property=\"og:description\" content=\"Comprar Licores para C\u00f3cteles Espa\u00f1oles Online en la Tienda Oficial de Mesura. Los mejores licores para tus c\u00f3cteles.\" \/>\n<meta property=\"og:url\" content=\"https:\/\/www.mesuraspirit.com\/en\/tienda-mesura\/\" \/>\n<meta property=\"og:site_name\" content=\"Mesura\" \/>\n<meta property=\"article:modified_time\" content=\"2026-04-03T20:21:10+00:00\" \/>\n<meta property=\"og:image\" content=\"https:\/\/www.mesuraspirit.com\/wp-content\/uploads\/2025\/11\/Captura-de-pantalla-2025-11-06-110606-600x600.png\" \/>\n<meta name=\"twitter:card\" content=\"summary_large_image\" \/>\n<meta name=\"twitter:label1\" content=\"Estimated reading time\" \/>\n\t<meta name=\"twitter:data1\" content=\"2 minutes\" \/>\n<script type=\"application\/ld+json\" class=\"yoast-schema-graph\">{\"@context\":\"https:\/\/schema.org\",\"@graph\":[{\"@type\":\"WebPage\",\"@id\":\"https:\/\/www.mesuraspirit.com\/tienda-mesura\/\",\"url\":\"https:\/\/www.mesuraspirit.com\/tienda-mesura\/\",\"name\":\"Licores para Preparaci\u00f3n de C\u00f3cteles | Mesura Web Oficial\",\"isPartOf\":{\"@id\":\"https:\/\/www.mesuraspirit.com\/#website\"},\"primaryImageOfPage\":{\"@id\":\"https:\/\/www.mesuraspirit.com\/tienda-mesura\/#primaryimage\"},\"image\":{\"@id\":\"https:\/\/www.mesuraspirit.com\/tienda-mesura\/#primaryimage\"},\"thumbnailUrl\":\"https:\/\/www.mesuraspirit.com\/wp-content\/uploads\/2025\/11\/Captura-de-pantalla-2025-11-06-110606-600x600.png\",\"datePublished\":\"2025-09-03T08:42:51+00:00\",\"dateModified\":\"2026-04-03T20:21:10+00:00\",\"description\":\"Comprar Licores para C\u00f3cteles Espa\u00f1oles Online en la Tienda Oficial de Mesura. Los mejores licores para tus c\u00f3cteles.\",\"breadcrumb\":{\"@id\":\"https:\/\/www.mesuraspirit.com\/tienda-mesura\/#breadcrumb\"},\"inLanguage\":\"en-GB\",\"potentialAction\":[{\"@type\":\"ReadAction\",\"target\":[\"https:\/\/www.mesuraspirit.com\/tienda-mesura\/\"]}]},{\"@type\":\"ImageObject\",\"inLanguage\":\"en-GB\",\"@id\":\"https:\/\/www.mesuraspirit.com\/tienda-mesura\/#primaryimage\",\"url\":\"https:\/\/www.mesuraspirit.com\/wp-content\/uploads\/2025\/11\/Captura-de-pantalla-2025-11-06-110606-600x600.png\",\"contentUrl\":\"https:\/\/www.mesuraspirit.com\/wp-content\/uploads\/2025\/11\/Captura-de-pantalla-2025-11-06-110606-600x600.png\"},{\"@type\":\"BreadcrumbList\",\"@id\":\"https:\/\/www.mesuraspirit.com\/tienda-mesura\/#breadcrumb\",\"itemListElement\":[{\"@type\":\"ListItem\",\"position\":1,\"name\":\"Portada\",\"item\":\"https:\/\/www.mesuraspirit.com\/\"},{\"@type\":\"ListItem\",\"position\":2,\"name\":\"Tienda Mesura\"}]},{\"@type\":\"WebSite\",\"@id\":\"https:\/\/www.mesuraspirit.com\/#website\",\"url\":\"https:\/\/www.mesuraspirit.com\/\",\"name\":\"Mesura\",\"description\":\"Preparado alcoholico\",\"potentialAction\":[{\"@type\":\"SearchAction\",\"target\":{\"@type\":\"EntryPoint\",\"urlTemplate\":\"https:\/\/www.mesuraspirit.com\/?s={search_term_string}\"},\"query-input\":{\"@type\":\"PropertyValueSpecification\",\"valueRequired\":true,\"valueName\":\"search_term_string\"}}],\"inLanguage\":\"en-GB\"}]}<\/script>\n<!-- \/ Yoast SEO plugin. -->","yoast_head_json":{"title":"Licores para Preparaci\u00f3n de C\u00f3cteles | Mesura Web Oficial","description":"Comprar Licores para C\u00f3cteles Espa\u00f1oles Online en la Tienda Oficial de Mesura. Los mejores licores para tus c\u00f3cteles.","robots":{"index":"index","follow":"follow","max-snippet":"max-snippet:-1","max-image-preview":"max-image-preview:large","max-video-preview":"max-video-preview:-1"},"canonical":"https:\/\/www.mesuraspirit.com\/en\/tienda-mesura\/","og_locale":"en_GB","og_type":"article","og_title":"Licores para Preparaci\u00f3n de C\u00f3cteles | Mesura Web Oficial","og_description":"Comprar Licores para C\u00f3cteles Espa\u00f1oles Online en la Tienda Oficial de Mesura. Los mejores licores para tus c\u00f3cteles.","og_url":"https:\/\/www.mesuraspirit.com\/en\/tienda-mesura\/","og_site_name":"Mesura","article_modified_time":"2026-04-03T20:21:10+00:00","og_image":[{"url":"https:\/\/www.mesuraspirit.com\/wp-content\/uploads\/2025\/11\/Captura-de-pantalla-2025-11-06-110606-600x600.png","type":"","width":"","height":""}],"twitter_card":"summary_large_image","twitter_misc":{"Estimated reading time":"2 minutes"},"schema":{"@context":"https:\/\/schema.org","@graph":[{"@type":"WebPage","@id":"https:\/\/www.mesuraspirit.com\/tienda-mesura\/","url":"https:\/\/www.mesuraspirit.com\/tienda-mesura\/","name":"Licores para Preparaci\u00f3n de C\u00f3cteles | Mesura Web Oficial","isPartOf":{"@id":"https:\/\/www.mesuraspirit.com\/#website"},"primaryImageOfPage":{"@id":"https:\/\/www.mesuraspirit.com\/tienda-mesura\/#primaryimage"},"image":{"@id":"https:\/\/www.mesuraspirit.com\/tienda-mesura\/#primaryimage"},"thumbnailUrl":"https:\/\/www.mesuraspirit.com\/wp-content\/uploads\/2025\/11\/Captura-de-pantalla-2025-11-06-110606-600x600.png","datePublished":"2025-09-03T08:42:51+00:00","dateModified":"2026-04-03T20:21:10+00:00","description":"Comprar Licores para C\u00f3cteles Espa\u00f1oles Online en la Tienda Oficial de Mesura. Los mejores licores para tus c\u00f3cteles.","breadcrumb":{"@id":"https:\/\/www.mesuraspirit.com\/tienda-mesura\/#breadcrumb"},"inLanguage":"en-GB","potentialAction":[{"@type":"ReadAction","target":["https:\/\/www.mesuraspirit.com\/tienda-mesura\/"]}]},{"@type":"ImageObject","inLanguage":"en-GB","@id":"https:\/\/www.mesuraspirit.com\/tienda-mesura\/#primaryimage","url":"https:\/\/www.mesuraspirit.com\/wp-content\/uploads\/2025\/11\/Captura-de-pantalla-2025-11-06-110606-600x600.png","contentUrl":"https:\/\/www.mesuraspirit.com\/wp-content\/uploads\/2025\/11\/Captura-de-pantalla-2025-11-06-110606-600x600.png"},{"@type":"BreadcrumbList","@id":"https:\/\/www.mesuraspirit.com\/tienda-mesura\/#breadcrumb","itemListElement":[{"@type":"ListItem","position":1,"name":"Portada","item":"https:\/\/www.mesuraspirit.com\/"},{"@type":"ListItem","position":2,"name":"Tienda Mesura"}]},{"@type":"WebSite","@id":"https:\/\/www.mesuraspirit.com\/#website","url":"https:\/\/www.mesuraspirit.com\/","name":"Measure","description":"Prepared alcoholic","potentialAction":[{"@type":"SearchAction","target":{"@type":"EntryPoint","urlTemplate":"https:\/\/www.mesuraspirit.com\/?s={search_term_string}"},"query-input":{"@type":"PropertyValueSpecification","valueRequired":true,"valueName":"search_term_string"}}],"inLanguage":"en-GB"}]}},"_links":{"self":[{"href":"https:\/\/www.mesuraspirit.com\/en\/wp-json\/wp\/v2\/pages\/802","targetHints":{"allow":["GET"]}}],"collection":[{"href":"https:\/\/www.mesuraspirit.com\/en\/wp-json\/wp\/v2\/pages"}],"about":[{"href":"https:\/\/www.mesuraspirit.com\/en\/wp-json\/wp\/v2\/types\/page"}],"author":[{"embeddable":true,"href":"https:\/\/www.mesuraspirit.com\/en\/wp-json\/wp\/v2\/users\/7"}],"replies":[{"embeddable":true,"href":"https:\/\/www.mesuraspirit.com\/en\/wp-json\/wp\/v2\/comments?post=802"}],"version-history":[{"count":6,"href":"https:\/\/www.mesuraspirit.com\/en\/wp-json\/wp\/v2\/pages\/802\/revisions"}],"predecessor-version":[{"id":1229,"href":"https:\/\/www.mesuraspirit.com\/en\/wp-json\/wp\/v2\/pages\/802\/revisions\/1229"}],"wp:attachment":[{"href":"https:\/\/www.mesuraspirit.com\/en\/wp-json\/wp\/v2\/media?parent=802"}],"curies":[{"name":"wp","href":"https:\/\/api.w.org\/{rel}","templated":true}]}}